{"id":1534,"date":"2026-03-28T12:53:25","date_gmt":"2026-03-28T04:53:25","guid":{"rendered":"https:\/\/bodo-electricbicycles.com\/product\/xe-mo-to-dien-dia-hinh-bodo-em08\/"},"modified":"2026-03-28T12:53:25","modified_gmt":"2026-03-28T04:53:25","slug":"xe-mo-to-dien-dia-hinh-bodo-em08","status":"publish","type":"product","link":"https:\/\/bodo-electricbicycles.com\/vi\/product\/xe-mo-to-dien-dia-hinh-bodo-em08\/","title":{"rendered":"Xe m\u00f4 t\u00f4 \u0111i\u1ec7n \u0111\u1ecba h\u00ecnh BODO-EM08"},"content":{"rendered":"<p>BODO EM08 l\u00e0 m\u1eabu xe m\u00f4 t\u00f4 \u0111i\u1ec7n \u0111\u1ecba h\u00ecnh m\u1ea1nh m\u1ebd, \u0111\u01b0\u1ee3c thi\u1ebft k\u1ebf chuy\u00ean bi\u1ec7t nh\u1eb1m mang l\u1ea1i hi\u1ec7u su\u1ea5t v\u1eadn h\u00e0nh \u0111\u00e1ng tin c\u1eady tr\u00ean c\u00e1c cung \u0111\u01b0\u1eddng \u0111\u1ecba h\u00ecnh c\u0169ng nh\u01b0 ph\u1ee5c v\u1ee5 nhu c\u1ea7u di chuy\u1ec3n h\u00e0ng ng\u00e0y. L\u00e0 m\u1ed9t chi\u1ebfc m\u00f4 t\u00f4 \u0111i\u1ec7n \u0111\u1ecba h\u00ecnh 1200W \u0111\u1ea7y m\u1ea1nh m\u1ebd, xe s\u1edf h\u1eefu khung s\u01b0\u1eddn nh\u1ecf g\u1ecdn v\u1edbi k\u00edch th\u01b0\u1edbc 1860\u00d7720\u00d71100mm, k\u1ebft h\u1ee3p c\u00f9ng b\u1ed9 l\u1ed1p tr\u01b0\u1edbc v\u00e0 sau k\u00edch th\u01b0\u1edbc 90\/90-12 gi\u00fap t\u0103ng c\u01b0\u1eddng \u0111\u1ed9 b\u00e1m tr\u00ean c\u00e1c \u0111\u1ecba h\u00ecnh g\u1ed3 gh\u1ec1. \u0110\u01b0\u1ee3c trang b\u1ecb h\u1ec7 th\u1ed1ng phanh \u0111\u0129a cho c\u1ea3 b\u00e1nh tr\u01b0\u1edbc v\u00e0 sau, xe mang l\u1ea1i l\u1ef1c h\u00e3m \u1ed5n \u0111\u1ecbnh v\u00e0 hi\u1ec7u qu\u1ea3 trong m\u1ecdi \u0111i\u1ec1u ki\u1ec7n v\u1eadn h\u00e0nh \u0111a d\u1ea1ng. V\u1edbi \u0111\u1ed9ng c\u01a1 \u0111\u1ecbnh m\u1ee9c c\u00f4ng su\u1ea5t 1200W, xe c\u00f3 th\u1ec3 \u0111\u1ea1t t\u1ed1c \u0111\u1ed9 t\u1ed1i \u0111a l\u00ean t\u1edbi 60km\/h, trong khi b\u1ed9 pin Lithium 60\/72V 30Ah \u0111\u1ea3m b\u1ea3o kh\u1ea3 n\u0103ng v\u1eadn h\u00e0nh b\u1ec1n b\u1ec9 v\u00e0 qu\u00e3ng \u0111\u01b0\u1eddng di chuy\u1ec3n d\u00e0i. S\u1ef1 k\u1ebft h\u1ee3p ho\u00e0n h\u1ea3o gi\u1eefa k\u1ebft c\u1ea5u v\u1eefng ch\u1eafc, kh\u1ea3 n\u0103ng truy\u1ec1n t\u1ea3i n\u0103ng l\u01b0\u1ee3ng hi\u1ec7u qu\u1ea3 v\u00e0 h\u1ec7 th\u1ed1ng phanh an to\u00e0n \u0111\u00e3 bi\u1ebfn BODO EM08 tr\u1edf th\u00e0nh l\u1ef1a ch\u1ecdn l\u00fd t\u01b0\u1edfng, \u0111\u00e1p \u1ee9ng tr\u1ecdn v\u1eb9n nhu c\u1ea7u c\u1ee7a c\u1ea3 nh\u1eefng t\u00edn \u0111\u1ed3 \u0111am m\u00ea xe \u0111\u1ecba h\u00ecnh l\u1eabn nh\u1eefng ng\u01b0\u1eddi d\u00f9ng ch\u00fa tr\u1ecdng t\u00ednh th\u1ef1c d\u1ee5ng trong di chuy\u1ec3n h\u00e0ng ng\u00e0y.    <\/p>\n","protected":false},"excerpt":{"rendered":"<p>BODO EM08 l\u00e0 m\u1eabu xe m\u00f4 t\u00f4 \u0111i\u1ec7n \u0111\u1ecba h\u00ecnh m\u1ea1nh m\u1ebd, \u0111\u01b0\u1ee3c thi\u1ebft k\u1ebf chuy\u00ean bi\u1ec7t nh\u1eb1m mang l\u1ea1i [&hellip;]<\/p>\n","protected":false},"featured_media":1533,"template":"","meta":{"site-sidebar-layout":"default","site-content-layout":"","ast-site-content-layout":"default","site-content-style":"default","site-sidebar-style":"default","ast-global-header-display":"","ast-banner-title-visibility":"","ast-main-header-display":"","ast-hfb-above-header-display":"","ast-hfb-below-header-display":"","ast-hfb-mobile-header-display":"","site-post-title":"","ast-breadcrumbs-content":"","ast-featured-img":"","footer-sml-layout":"","ast-disable-related-posts":"","theme-transparent-header-meta":"default","adv-header-id-meta":"","stick-header-meta":"","header-above-stick-meta":"","header-main-stick-meta":"","header-below-stick-meta":"","astra-migrate-meta-layouts":"default","ast-page-background-enabled":"default","ast-page-background-meta":{"desktop":{"background-color":"var(--ast-global-color-5)","background-image":"","background-repeat":"repeat","background-position":"center center","background-size":"auto","background-attachment":"scroll","background-type":"","background-media":"","overlay-type":"","overlay-color":"","overlay-opacity":"","overlay-gradient":""},"tablet":{"background-color":"","background-image":"","background-repeat":"repeat","background-position":"center center","background-size":"auto","background-attachment":"scroll","background-type":"","background-media":"","overlay-type":"","overlay-color":"","overlay-opacity":"","overlay-gradient":""},"mobile":{"background-color":"","background-image":"","background-repeat":"repeat","background-position":"center center","background-size":"auto","background-attachment":"scroll","background-type":"","background-media":"","overlay-type":"","overlay-color":"","overlay-opacity":"","overlay-gradient":""}},"ast-content-background-meta":{"desktop":{"background-color":"var(--ast-global-color-4)","background-image":"","background-repeat":"repeat","background-position":"center center","background-size":"auto","background-attachment":"scroll","background-type":"","background-media":"","overlay-type":"","overlay-color":"","overlay-opacity":"","overlay-gradient":""},"tablet":{"background-color":"var(--ast-global-color-4)","background-image":"","background-repeat":"repeat","background-position":"center center","background-size":"auto","background-attachment":"scroll","background-type":"","background-media":"","overlay-type":"","overlay-color":"","overlay-opacity":"","overlay-gradient":""},"mobile":{"background-color":"var(--ast-global-color-4)","background-image":"","background-repeat":"repeat","background-position":"center center","background-size":"auto","background-attachment":"scroll","background-type":"","background-media":"","overlay-type":"","overlay-color":"","overlay-opacity":"","overlay-gradient":""}}},"product_brand":[],"product_cat":[258],"product_tag":[],"class_list":{"0":"post-1534","1":"product","2":"type-product","3":"status-publish","4":"has-post-thumbnail","6":"product_cat-xe-mo-to-dien-dia-hinh","7":"desktop-align-left","8":"tablet-align-left","9":"mobile-align-left","11":"first","12":"instock","13":"shipping-taxable","14":"product-type-simple"},"_links":{"self":[{"href":"https:\/\/bodo-electricbicycles.com\/vi\/wp-json\/wp\/v2\/product\/1534","targetHints":{"allow":["GET"]}}],"collection":[{"href":"https:\/\/bodo-electricbicycles.com\/vi\/wp-json\/wp\/v2\/product"}],"about":[{"href":"https:\/\/bodo-electricbicycles.com\/vi\/wp-json\/wp\/v2\/types\/product"}],"wp:featuredmedia":[{"embeddable":true,"href":"https:\/\/bodo-electricbicycles.com\/vi\/wp-json\/wp\/v2\/media\/1533"}],"wp:attachment":[{"href":"https:\/\/bodo-electricbicycles.com\/vi\/wp-json\/wp\/v2\/media?parent=1534"}],"wp:term":[{"taxonomy":"product_brand","embeddable":true,"href":"https:\/\/bodo-electricbicycles.com\/vi\/wp-json\/wp\/v2\/product_brand?post=1534"},{"taxonomy":"product_cat","embeddable":true,"href":"https:\/\/bodo-electricbicycles.com\/vi\/wp-json\/wp\/v2\/product_cat?post=1534"},{"taxonomy":"product_tag","embeddable":true,"href":"https:\/\/bodo-electricbicycles.com\/vi\/wp-json\/wp\/v2\/product_tag?post=1534"}],"curies":[{"name":"wp","href":"https:\/\/api.w.org\/{rel}","templated":true}]}}