{"id":1536,"date":"2026-03-28T12:44:20","date_gmt":"2026-03-28T04:44:20","guid":{"rendered":"https:\/\/bodo-electricbicycles.com\/product\/xe-mo-to-dien-dia-hinh-bodo-em07-plus\/"},"modified":"2026-03-28T12:44:20","modified_gmt":"2026-03-28T04:44:20","slug":"xe-mo-to-dien-dia-hinh-bodo-em07-plus","status":"publish","type":"product","link":"https:\/\/bodo-electricbicycles.com\/vi\/product\/xe-mo-to-dien-dia-hinh-bodo-em07-plus\/","title":{"rendered":"Xe m\u00f4 t\u00f4 \u0111i\u1ec7n \u0111\u1ecba h\u00ecnh BODO-EM07 PLUS"},"content":{"rendered":"<div>BODO-EM07 PLUS l\u00e0 m\u1eabu m\u00f4 t\u00f4 \u0111i\u1ec7n \u0111\u1ecba h\u00ecnh hi\u1ec7u su\u1ea5t cao, \u0111\u01b0\u1ee3c thi\u1ebft k\u1ebf chuy\u00ean bi\u1ec7t cho c\u00e1c \u0111\u1ecba h\u00ecnh hi\u1ec3m tr\u1edf v\u00e0 nhu c\u1ea7u v\u1eadn h\u00e0nh \u1edf t\u1ed1c \u0111\u1ed9 cao. Xe s\u1edf h\u1eefu h\u1ec7 th\u1ed1ng \u0111\u1ed9ng c\u01a1 v\u1edbi c\u00f4ng su\u1ea5t \u0111\u1ecbnh m\u1ee9c 1500W c\u00f9ng t\u1ed1c \u0111\u1ed9 t\u1ed1i \u0111a \u0111\u1ea1t 65 km\/h, mang l\u1ea1i ngu\u1ed3n s\u1ee9c m\u1ea1nh m\u1ea1nh m\u1ebd v\u00e0 \u1ed5n \u0111\u1ecbnh. \u0110\u01b0\u1ee3c trang b\u1ecb b\u1ed9 pin axit-ch\u00ec 60\/72V 20Ah, xe \u0111\u1ea3m b\u1ea3o cung c\u1ea5p \u0111\u1ee7 n\u0103ng l\u01b0\u1ee3ng cho nh\u1eefng h\u00e0nh tr\u00ecnh \u0111\u1ecba h\u00ecnh k\u00e9o d\u00e0i.  <\/div>\n<div><\/div>\n<div>M\u1eabu xe n\u00e0y \u0111\u01b0\u1ee3c trang b\u1ecb h\u1ec7 th\u1ed1ng phanh \u0111\u0129a th\u1ee7y l\u1ef1c \u1edf c\u1ea3 b\u00e1nh tr\u01b0\u1edbc v\u00e0 b\u00e1nh sau, mang l\u1ea1i kh\u1ea3 n\u0103ng phanh hi\u1ec7u qu\u1ea3 v\u00e0 an to\u00e0n ngay c\u1ea3 trong nh\u1eefng \u0111i\u1ec1u ki\u1ec7n v\u1eadn h\u00e0nh ph\u1ee9c t\u1ea1p. V\u1edbi b\u1ed9 l\u1ed1p k\u00edch th\u01b0\u1edbc 90\/90-12 cho c\u1ea3 b\u00e1nh tr\u01b0\u1edbc v\u00e0 sau, xe cung c\u1ea5p \u0111\u1ed9 b\u00e1m \u0111\u01b0\u1eddng v\u00e0 s\u1ef1 \u1ed5n \u0111\u1ecbnh v\u01b0\u1ee3t tr\u1ed9i khi di chuy\u1ec3n tr\u00ean c\u00e1c \u0111\u1ecba h\u00ecnh g\u1ed3 gh\u1ec1. S\u1edf h\u1eefu k\u00edch th\u01b0\u1edbc nh\u1ecf g\u1ecdn 1700 x 680 x 1060 mm, chi\u1ebfc xe l\u00e0 s\u1ef1 k\u1ebft h\u1ee3p h\u00e0i h\u00f2a gi\u1eefa t\u00ednh linh ho\u1ea1t v\u00e0 \u0111\u1ed9 b\u1ec1n b\u1ec9, tr\u1edf th\u00e0nh l\u1ef1a ch\u1ecdn chuy\u00ean nghi\u1ec7p d\u00e0nh cho nh\u1eefng ng\u01b0\u1eddi \u0111am m\u00ea off-road c\u0169ng nh\u01b0 nhu c\u1ea7u di chuy\u1ec3n h\u00e0ng ng\u00e0y v\u1edbi c\u01b0\u1eddng \u0111\u1ed9 cao.  <\/div>\n","protected":false},"excerpt":{"rendered":"<p>BODO-EM07 PLUS l\u00e0 m\u1eabu m\u00f4 t\u00f4 \u0111i\u1ec7n \u0111\u1ecba h\u00ecnh hi\u1ec7u su\u1ea5t cao, \u0111\u01b0\u1ee3c thi\u1ebft k\u1ebf chuy\u00ean bi\u1ec7t cho c\u00e1c \u0111\u1ecba [&hellip;]<\/p>\n","protected":false},"featured_media":1535,"template":"","meta":{"site-sidebar-layout":"default","site-content-layout":"","ast-site-content-layout":"default","site-content-style":"default","site-sidebar-style":"default","ast-global-header-display":"","ast-banner-title-visibility":"","ast-main-header-display":"","ast-hfb-above-header-display":"","ast-hfb-below-header-display":"","ast-hfb-mobile-header-display":"","site-post-title":"","ast-breadcrumbs-content":"","ast-featured-img":"","footer-sml-layout":"","ast-disable-related-posts":"","theme-transparent-header-meta":"default","adv-header-id-meta":"","stick-header-meta":"","header-above-stick-meta":"","header-main-stick-meta":"","header-below-stick-meta":"","astra-migrate-meta-layouts":"default","ast-page-background-enabled":"default","ast-page-background-meta":{"desktop":{"background-color":"var(--ast-global-color-5)","background-image":"","background-repeat":"repeat","background-position":"center center","background-size":"auto","background-attachment":"scroll","background-type":"","background-media":"","overlay-type":"","overlay-color":"","overlay-opacity":"","overlay-gradient":""},"tablet":{"background-color":"","background-image":"","background-repeat":"repeat","background-position":"center center","background-size":"auto","background-attachment":"scroll","background-type":"","background-media":"","overlay-type":"","overlay-color":"","overlay-opacity":"","overlay-gradient":""},"mobile":{"background-color":"","background-image":"","background-repeat":"repeat","background-position":"center center","background-size":"auto","background-attachment":"scroll","background-type":"","background-media":"","overlay-type":"","overlay-color":"","overlay-opacity":"","overlay-gradient":""}},"ast-content-background-meta":{"desktop":{"background-color":"var(--ast-global-color-4)","background-image":"","background-repeat":"repeat","background-position":"center center","background-size":"auto","background-attachment":"scroll","background-type":"","background-media":"","overlay-type":"","overlay-color":"","overlay-opacity":"","overlay-gradient":""},"tablet":{"background-color":"var(--ast-global-color-4)","background-image":"","background-repeat":"repeat","background-position":"center center","background-size":"auto","background-attachment":"scroll","background-type":"","background-media":"","overlay-type":"","overlay-color":"","overlay-opacity":"","overlay-gradient":""},"mobile":{"background-color":"var(--ast-global-color-4)","background-image":"","background-repeat":"repeat","background-position":"center center","background-size":"auto","background-attachment":"scroll","background-type":"","background-media":"","overlay-type":"","overlay-color":"","overlay-opacity":"","overlay-gradient":""}}},"product_brand":[],"product_cat":[258],"product_tag":[],"class_list":{"0":"post-1536","1":"product","2":"type-product","3":"status-publish","4":"has-post-thumbnail","6":"product_cat-xe-mo-to-dien-dia-hinh","7":"desktop-align-left","8":"tablet-align-left","9":"mobile-align-left","11":"first","12":"instock","13":"shipping-taxable","14":"product-type-simple"},"_links":{"self":[{"href":"https:\/\/bodo-electricbicycles.com\/vi\/wp-json\/wp\/v2\/product\/1536","targetHints":{"allow":["GET"]}}],"collection":[{"href":"https:\/\/bodo-electricbicycles.com\/vi\/wp-json\/wp\/v2\/product"}],"about":[{"href":"https:\/\/bodo-electricbicycles.com\/vi\/wp-json\/wp\/v2\/types\/product"}],"wp:featuredmedia":[{"embeddable":true,"href":"https:\/\/bodo-electricbicycles.com\/vi\/wp-json\/wp\/v2\/media\/1535"}],"wp:attachment":[{"href":"https:\/\/bodo-electricbicycles.com\/vi\/wp-json\/wp\/v2\/media?parent=1536"}],"wp:term":[{"taxonomy":"product_brand","embeddable":true,"href":"https:\/\/bodo-electricbicycles.com\/vi\/wp-json\/wp\/v2\/product_brand?post=1536"},{"taxonomy":"product_cat","embeddable":true,"href":"https:\/\/bodo-electricbicycles.com\/vi\/wp-json\/wp\/v2\/product_cat?post=1536"},{"taxonomy":"product_tag","embeddable":true,"href":"https:\/\/bodo-electricbicycles.com\/vi\/wp-json\/wp\/v2\/product_tag?post=1536"}],"curies":[{"name":"wp","href":"https:\/\/api.w.org\/{rel}","templated":true}]}}