{"id":1537,"date":"2026-03-27T18:30:52","date_gmt":"2026-03-27T10:30:52","guid":{"rendered":"https:\/\/bodo-electricbicycles.com\/product\/xe-mo-to-dien-dia-hinh-bodo-em07\/"},"modified":"2026-03-27T18:30:52","modified_gmt":"2026-03-27T10:30:52","slug":"xe-mo-to-dien-dia-hinh-bodo-em07","status":"publish","type":"product","link":"https:\/\/bodo-electricbicycles.com\/vi\/product\/xe-mo-to-dien-dia-hinh-bodo-em07\/","title":{"rendered":"Xe m\u00f4 t\u00f4 \u0111i\u1ec7n \u0111\u1ecba h\u00ecnh BODO-EM07"},"content":{"rendered":"<p>M\u1eabu xe m\u00f4 t\u00f4 \u0111i\u1ec7n \u0111\u1ecba h\u00ecnh BODO-EM07 l\u00e0 d\u00f2ng xe nh\u1ecf g\u1ecdn, thi\u1ebft th\u1ef1c, \u0111\u01b0\u1ee3c thi\u1ebft k\u1ebf chuy\u00ean d\u1ee5ng cho nhu c\u1ea7u di chuy\u1ec3n h\u00e0ng ng\u00e0y trong \u0111\u00f4 th\u1ecb c\u0169ng nh\u01b0 tr\u00ean c\u00e1c \u0111\u1ecba h\u00ecnh off-road nh\u1eb9. V\u1edbi k\u00edch th\u01b0\u1edbc 1675\u00d7680\u00d71035mm, khung xe nh\u1ecf g\u1ecdn gi\u00fap \u0111\u1ea3m b\u1ea3o kh\u1ea3 n\u0103ng xoay tr\u1edf linh ho\u1ea1t v\u00e0 d\u1ec5 d\u00e0ng \u0111\u1ed7 xe ngay c\u1ea3 trong nh\u1eefng kh\u00f4ng gian ch\u1eadt h\u1eb9p. \u0110\u01b0\u1ee3c trang b\u1ecb b\u1ed9 l\u1ed1p tr\u01b0\u1edbc v\u00e0 sau k\u00edch th\u01b0\u1edbc 3.00\u201110, xe mang l\u1ea1i \u0111\u1ed9 b\u00e1m \u0111\u01b0\u1eddng \u1ed5n \u0111\u1ecbnh v\u00e0 v\u1eadn h\u00e0nh \u00eam \u00e1i tr\u00ean c\u1ea3 \u0111\u01b0\u1eddng ph\u1ed1 n\u1ed9i th\u00e0nh l\u1eabn c\u00e1c cung \u0111\u01b0\u1eddng m\u00f2n nh\u1eb9. H\u1ec7 th\u1ed1ng phanh bao g\u1ed3m phanh \u0111\u0129a ph\u00eda tr\u01b0\u1edbc v\u00e0 phanh tang tr\u1ed1ng ph\u00eda sau, cung c\u1ea5p l\u1ef1c h\u00e3m \u0111\u00e1ng tin c\u1eady c\u00f9ng y\u00eau c\u1ea7u b\u1ea3o d\u01b0\u1ee1ng th\u1ea5p. Xe v\u1eadn h\u00e0nh nh\u1edd \u0111\u1ed9ng c\u01a1 c\u00f4ng su\u1ea5t \u0111\u1ecbnh m\u1ee9c 1000W, \u0111\u1ea1t t\u1ed1c \u0111\u1ed9 t\u1ed1i \u0111a 45km\/h, \u01b0u ti\u00ean s\u1ef1 \u1ed5n \u0111\u1ecbnh v\u00e0 kh\u1ea3 n\u0103ng ti\u1ebft ki\u1ec7m n\u0103ng l\u01b0\u1ee3ng trong qu\u00e1 tr\u00ecnh v\u1eadn h\u00e0nh. S\u1eed d\u1ee5ng b\u1ed9 pin axit-ch\u00ec 60\/72V 20Ah, xe cung c\u1ea5p ngu\u1ed3n n\u0103ng l\u01b0\u1ee3ng hi\u1ec7u qu\u1ea3 v\u1ec1 chi ph\u00ed cho nhu c\u1ea7u di chuy\u1ec3n qu\u00e3ng ng\u1eafn h\u00e0ng ng\u00e0y. \u0110\u00e2y l\u00e0 s\u1ef1 l\u1ef1a ch\u1ecdn l\u00fd t\u01b0\u1edfng d\u00e0nh cho nh\u1eefng ng\u01b0\u1eddi l\u00e1i \u0111ang t\u00ecm ki\u1ebfm m\u1ed9t m\u1eabu xe \u0111i\u1ec7n \u0111\u1ecba h\u00ecnh nh\u1ecf g\u1ecdn, \u00edt t\u1ed1n c\u00f4ng b\u1ea3o d\u01b0\u1ee1ng v\u00e0 ti\u1ebft ki\u1ec7m chi ph\u00ed.      <\/p>\n","protected":false},"excerpt":{"rendered":"<p>M\u1eabu xe m\u00f4 t\u00f4 \u0111i\u1ec7n \u0111\u1ecba h\u00ecnh BODO-EM07 l\u00e0 d\u00f2ng xe nh\u1ecf g\u1ecdn, thi\u1ebft th\u1ef1c, \u0111\u01b0\u1ee3c thi\u1ebft k\u1ebf chuy\u00ean d\u1ee5ng [&hellip;]<\/p>\n","protected":false},"featured_media":1449,"template":"","meta":{"site-sidebar-layout":"default","site-content-layout":"","ast-site-content-layout":"default","site-content-style":"default","site-sidebar-style":"default","ast-global-header-display":"","ast-banner-title-visibility":"","ast-main-header-display":"","ast-hfb-above-header-display":"","ast-hfb-below-header-display":"","ast-hfb-mobile-header-display":"","site-post-title":"","ast-breadcrumbs-content":"","ast-featured-img":"","footer-sml-layout":"","ast-disable-related-posts":"","theme-transparent-header-meta":"default","adv-header-id-meta":"","stick-header-meta":"","header-above-stick-meta":"","header-main-stick-meta":"","header-below-stick-meta":"","astra-migrate-meta-layouts":"default","ast-page-background-enabled":"default","ast-page-background-meta":{"desktop":{"background-color":"var(--ast-global-color-5)","background-image":"","background-repeat":"repeat","background-position":"center center","background-size":"auto","background-attachment":"scroll","background-type":"","background-media":"","overlay-type":"","overlay-color":"","overlay-opacity":"","overlay-gradient":""},"tablet":{"background-color":"","background-image":"","background-repeat":"repeat","background-position":"center center","background-size":"auto","background-attachment":"scroll","background-type":"","background-media":"","overlay-type":"","overlay-color":"","overlay-opacity":"","overlay-gradient":""},"mobile":{"background-color":"","background-image":"","background-repeat":"repeat","background-position":"center center","background-size":"auto","background-attachment":"scroll","background-type":"","background-media":"","overlay-type":"","overlay-color":"","overlay-opacity":"","overlay-gradient":""}},"ast-content-background-meta":{"desktop":{"background-color":"var(--ast-global-color-4)","background-image":"","background-repeat":"repeat","background-position":"center center","background-size":"auto","background-attachment":"scroll","background-type":"","background-media":"","overlay-type":"","overlay-color":"","overlay-opacity":"","overlay-gradient":""},"tablet":{"background-color":"var(--ast-global-color-4)","background-image":"","background-repeat":"repeat","background-position":"center center","background-size":"auto","background-attachment":"scroll","background-type":"","background-media":"","overlay-type":"","overlay-color":"","overlay-opacity":"","overlay-gradient":""},"mobile":{"background-color":"var(--ast-global-color-4)","background-image":"","background-repeat":"repeat","background-position":"center center","background-size":"auto","background-attachment":"scroll","background-type":"","background-media":"","overlay-type":"","overlay-color":"","overlay-opacity":"","overlay-gradient":""}}},"product_brand":[],"product_cat":[258],"product_tag":[],"class_list":{"0":"post-1537","1":"product","2":"type-product","3":"status-publish","4":"has-post-thumbnail","6":"product_cat-xe-mo-to-dien-dia-hinh","7":"desktop-align-left","8":"tablet-align-left","9":"mobile-align-left","11":"first","12":"instock","13":"shipping-taxable","14":"product-type-simple"},"_links":{"self":[{"href":"https:\/\/bodo-electricbicycles.com\/vi\/wp-json\/wp\/v2\/product\/1537","targetHints":{"allow":["GET"]}}],"collection":[{"href":"https:\/\/bodo-electricbicycles.com\/vi\/wp-json\/wp\/v2\/product"}],"about":[{"href":"https:\/\/bodo-electricbicycles.com\/vi\/wp-json\/wp\/v2\/types\/product"}],"wp:featuredmedia":[{"embeddable":true,"href":"https:\/\/bodo-electricbicycles.com\/vi\/wp-json\/wp\/v2\/media\/1449"}],"wp:attachment":[{"href":"https:\/\/bodo-electricbicycles.com\/vi\/wp-json\/wp\/v2\/media?parent=1537"}],"wp:term":[{"taxonomy":"product_brand","embeddable":true,"href":"https:\/\/bodo-electricbicycles.com\/vi\/wp-json\/wp\/v2\/product_brand?post=1537"},{"taxonomy":"product_cat","embeddable":true,"href":"https:\/\/bodo-electricbicycles.com\/vi\/wp-json\/wp\/v2\/product_cat?post=1537"},{"taxonomy":"product_tag","embeddable":true,"href":"https:\/\/bodo-electricbicycles.com\/vi\/wp-json\/wp\/v2\/product_tag?post=1537"}],"curies":[{"name":"wp","href":"https:\/\/api.w.org\/{rel}","templated":true}]}}