{"id":1539,"date":"2026-03-27T18:25:00","date_gmt":"2026-03-27T10:25:00","guid":{"rendered":"https:\/\/bodo-electricbicycles.com\/product\/xe-mo-to-dien-dia-hinh-bodo-em05\/"},"modified":"2026-03-27T18:25:00","modified_gmt":"2026-03-27T10:25:00","slug":"xe-mo-to-dien-dia-hinh-bodo-em05","status":"publish","type":"product","link":"https:\/\/bodo-electricbicycles.com\/vi\/product\/xe-mo-to-dien-dia-hinh-bodo-em05\/","title":{"rendered":"Xe m\u00f4 t\u00f4 \u0111i\u1ec7n \u0111\u1ecba h\u00ecnh BODO-EM05"},"content":{"rendered":"<p>M\u1eabu xe m\u00f4 t\u00f4 \u0111i\u1ec7n \u0111\u1ecba h\u00ecnh BODO-EM05 l\u00e0 d\u00f2ng xe \u1ed5n \u0111\u1ecbnh v\u00e0 th\u00e2n thi\u1ec7n v\u1edbi ng\u01b0\u1eddi d\u00f9ng, \u0111\u01b0\u1ee3c thi\u1ebft k\u1ebf chuy\u00ean bi\u1ec7t cho nhu c\u1ea7u di chuy\u1ec3n trong \u0111\u00f4 th\u1ecb c\u0169ng nh\u01b0 nh\u1eefng chuy\u1ebfn \u0111i \u0111\u1ecba h\u00ecnh mang t\u00ednh gi\u1ea3i tr\u00ed. V\u1edbi k\u00edch th\u01b0\u1edbc t\u1ed5ng th\u1ec3 1910\u00d7750\u00d71280mm, xe mang l\u1ea1i t\u01b0 th\u1ebf l\u00e1i v\u1eefng v\u00e0ng c\u00f9ng kh\u1ea3 n\u0103ng ki\u1ec3m so\u00e1t tuy\u1ec7t v\u1eddi tr\u00ean \u0111a d\u1ea1ng c\u00e1c lo\u1ea1i \u0111\u1ecba h\u00ecnh m\u1eb7t \u0111\u01b0\u1eddng. \u0110\u01b0\u1ee3c trang b\u1ecb l\u1ed1p tr\u01b0\u1edbc k\u00edch th\u01b0\u1edbc 110\/70-12 v\u00e0 l\u1ed1p sau 120\/70-12, xe \u0111\u1ea3m b\u1ea3o \u0111\u1ed9 b\u00e1m \u0111\u01b0\u1eddng t\u1ed1i \u01b0u v\u00e0 kh\u1ea3 n\u0103ng v\u1eadn h\u00e0nh \u00eam \u00e1i. H\u1ec7 th\u1ed1ng phanh \u0111\u0129a tr\u01b0\u1edbc v\u00e0 sau, k\u1ebft h\u1ee3p c\u00f9ng h\u1ec7 th\u1ed1ng phanh li\u00ean h\u1ee3p CBS, gi\u00fap n\u00e2ng cao \u0111\u1ed9 an to\u00e0n khi v\u1eadn h\u00e0nh nh\u1edd kh\u1ea3 n\u0103ng cung c\u1ea5p l\u1ef1c h\u00e3m \u1ed5n \u0111\u1ecbnh v\u00e0 ph\u1ea3n h\u1ed3i nh\u1ea1y b\u00e9n. \u0110\u01b0\u1ee3c v\u1eadn h\u00e0nh b\u1edfi \u0111\u1ed9ng c\u01a1 \u0111\u1ecbnh m\u1ee9c c\u00f4ng su\u1ea5t 1200W, xe c\u00f3 th\u1ec3 \u0111\u1ea1t t\u1ed1c \u0111\u1ed9 t\u1ed1i \u0111a 70km\/h, mang \u0111\u1ebfn hi\u1ec7u su\u1ea5t v\u1eadn h\u00e0nh m\u1ea1nh m\u1ebd nh\u01b0ng v\u1eabn \u0111\u1ea3m b\u1ea3o m\u1ee9c ti\u00eau th\u1ee5 n\u0103ng l\u01b0\u1ee3ng th\u1ea5p. V\u1edbi kh\u1ea3 n\u0103ng t\u01b0\u01a1ng th\u00edch c\u00e1c c\u1ea5u h\u00ecnh pin Lithium 60\/72V dung l\u01b0\u1ee3ng 30-45Ah, xe cung c\u1ea5p ph\u1ea1m vi ho\u1ea1t \u0111\u1ed9ng linh ho\u1ea1t, \u0111\u00e1p \u1ee9ng t\u1ed1t c\u1ea3 nhu c\u1ea7u di chuy\u1ec3n h\u00e0ng ng\u00e0y l\u1eabn c\u00e1c ho\u1ea1t \u0111\u1ed9ng gi\u1ea3i tr\u00ed. \u0110\u00e2y l\u00e0 s\u1ef1 l\u1ef1a ch\u1ecdn l\u00fd t\u01b0\u1edfng d\u00e0nh cho nh\u1eefng ng\u01b0\u1eddi l\u00e1i \u0111ang t\u00ecm ki\u1ebfm m\u1ed9t ph\u01b0\u01a1ng ti\u1ec7n m\u00f4 t\u00f4 \u0111i\u1ec7n \u0111\u1ecba h\u00ecnh an to\u00e0n, \u1ed5n \u0111\u1ecbnh v\u00e0 hi\u1ec7u qu\u1ea3.      <\/p>\n","protected":false},"excerpt":{"rendered":"<p>M\u1eabu xe m\u00f4 t\u00f4 \u0111i\u1ec7n \u0111\u1ecba h\u00ecnh BODO-EM05 l\u00e0 d\u00f2ng xe \u1ed5n \u0111\u1ecbnh v\u00e0 th\u00e2n thi\u1ec7n v\u1edbi ng\u01b0\u1eddi d\u00f9ng, \u0111\u01b0\u1ee3c [&hellip;]<\/p>\n","protected":false},"featured_media":1538,"template":"","meta":{"site-sidebar-layout":"default","site-content-layout":"","ast-site-content-layout":"default","site-content-style":"default","site-sidebar-style":"default","ast-global-header-display":"","ast-banner-title-visibility":"","ast-main-header-display":"","ast-hfb-above-header-display":"","ast-hfb-below-header-display":"","ast-hfb-mobile-header-display":"","site-post-title":"","ast-breadcrumbs-content":"","ast-featured-img":"","footer-sml-layout":"","ast-disable-related-posts":"","theme-transparent-header-meta":"default","adv-header-id-meta":"","stick-header-meta":"","header-above-stick-meta":"","header-main-stick-meta":"","header-below-stick-meta":"","astra-migrate-meta-layouts":"default","ast-page-background-enabled":"default","ast-page-background-meta":{"desktop":{"background-color":"var(--ast-global-color-5)","background-image":"","background-repeat":"repeat","background-position":"center center","background-size":"auto","background-attachment":"scroll","background-type":"","background-media":"","overlay-type":"","overlay-color":"","overlay-opacity":"","overlay-gradient":""},"tablet":{"background-color":"","background-image":"","background-repeat":"repeat","background-position":"center center","background-size":"auto","background-attachment":"scroll","background-type":"","background-media":"","overlay-type":"","overlay-color":"","overlay-opacity":"","overlay-gradient":""},"mobile":{"background-color":"","background-image":"","background-repeat":"repeat","background-position":"center center","background-size":"auto","background-attachment":"scroll","background-type":"","background-media":"","overlay-type":"","overlay-color":"","overlay-opacity":"","overlay-gradient":""}},"ast-content-background-meta":{"desktop":{"background-color":"var(--ast-global-color-4)","background-image":"","background-repeat":"repeat","background-position":"center center","background-size":"auto","background-attachment":"scroll","background-type":"","background-media":"","overlay-type":"","overlay-color":"","overlay-opacity":"","overlay-gradient":""},"tablet":{"background-color":"var(--ast-global-color-4)","background-image":"","background-repeat":"repeat","background-position":"center center","background-size":"auto","background-attachment":"scroll","background-type":"","background-media":"","overlay-type":"","overlay-color":"","overlay-opacity":"","overlay-gradient":""},"mobile":{"background-color":"var(--ast-global-color-4)","background-image":"","background-repeat":"repeat","background-position":"center center","background-size":"auto","background-attachment":"scroll","background-type":"","background-media":"","overlay-type":"","overlay-color":"","overlay-opacity":"","overlay-gradient":""}}},"product_brand":[],"product_cat":[258],"product_tag":[],"class_list":{"0":"post-1539","1":"product","2":"type-product","3":"status-publish","4":"has-post-thumbnail","6":"product_cat-xe-mo-to-dien-dia-hinh","7":"desktop-align-left","8":"tablet-align-left","9":"mobile-align-left","11":"first","12":"instock","13":"shipping-taxable","14":"product-type-simple"},"_links":{"self":[{"href":"https:\/\/bodo-electricbicycles.com\/vi\/wp-json\/wp\/v2\/product\/1539","targetHints":{"allow":["GET"]}}],"collection":[{"href":"https:\/\/bodo-electricbicycles.com\/vi\/wp-json\/wp\/v2\/product"}],"about":[{"href":"https:\/\/bodo-electricbicycles.com\/vi\/wp-json\/wp\/v2\/types\/product"}],"wp:featuredmedia":[{"embeddable":true,"href":"https:\/\/bodo-electricbicycles.com\/vi\/wp-json\/wp\/v2\/media\/1538"}],"wp:attachment":[{"href":"https:\/\/bodo-electricbicycles.com\/vi\/wp-json\/wp\/v2\/media?parent=1539"}],"wp:term":[{"taxonomy":"product_brand","embeddable":true,"href":"https:\/\/bodo-electricbicycles.com\/vi\/wp-json\/wp\/v2\/product_brand?post=1539"},{"taxonomy":"product_cat","embeddable":true,"href":"https:\/\/bodo-electricbicycles.com\/vi\/wp-json\/wp\/v2\/product_cat?post=1539"},{"taxonomy":"product_tag","embeddable":true,"href":"https:\/\/bodo-electricbicycles.com\/vi\/wp-json\/wp\/v2\/product_tag?post=1539"}],"curies":[{"name":"wp","href":"https:\/\/api.w.org\/{rel}","templated":true}]}}