{"id":1541,"date":"2026-03-27T18:18:35","date_gmt":"2026-03-27T10:18:35","guid":{"rendered":"https:\/\/bodo-electricbicycles.com\/product\/xe-mo-to-dien-dia-hinh-bodo-em04\/"},"modified":"2026-03-27T18:18:35","modified_gmt":"2026-03-27T10:18:35","slug":"xe-mo-to-dien-dia-hinh-bodo-em04","status":"publish","type":"product","link":"https:\/\/bodo-electricbicycles.com\/vi\/product\/xe-mo-to-dien-dia-hinh-bodo-em04\/","title":{"rendered":"Xe m\u00f4 t\u00f4 \u0111i\u1ec7n \u0111\u1ecba h\u00ecnh BODO-EM04"},"content":{"rendered":"<p>M\u1eabu xe m\u00f4 t\u00f4 \u0111i\u1ec7n \u0111\u1ecba h\u00ecnh BODO-EM04 l\u00e0 d\u00f2ng xe t\u1ea7m trung c\u00e2n \u0111\u1ed1i, \u0111\u01b0\u1ee3c thi\u1ebft k\u1ebf chuy\u00ean bi\u1ec7t cho nhu c\u1ea7u di chuy\u1ec3n h\u00e0ng ng\u00e0y c\u0169ng nh\u01b0 c\u00e1c chuy\u1ebfn kh\u00e1m ph\u00e1 \u0111\u1ecba h\u00ecnh mang t\u00ednh gi\u1ea3i tr\u00ed. V\u1edbi k\u00edch th\u01b0\u1edbc 1960\u00d7770\u00d71275mm, khung xe \u0111\u01b0\u1ee3c thi\u1ebft k\u1ebf c\u00f4ng th\u00e1i h\u1ecdc mang l\u1ea1i kh\u1ea3 n\u0103ng v\u1eadn h\u00e0nh \u1ed5n \u0111\u1ecbnh c\u00f9ng t\u01b0 th\u1ebf l\u00e1i tho\u1ea3i m\u00e1i, ngay c\u1ea3 tr\u00ean nh\u1eefng h\u00e0nh tr\u00ecnh d\u00e0i. \u0110\u01b0\u1ee3c trang b\u1ecb l\u1ed1p tr\u01b0\u1edbc v\u00e0 sau k\u00edch th\u01b0\u1edbc 110\/70-12 c\u00f9ng h\u1ec7 th\u1ed1ng phanh \u0111\u0129a tr\u01b0\u1edbc-sau t\u00edch h\u1ee3p c\u00f4ng ngh\u1ec7 CBS, xe \u0111\u1ea3m b\u1ea3o \u0111\u1ed9 \u1ed5n \u0111\u1ecbnh khi phanh \u0111\u01b0\u1ee3c n\u00e2ng cao, gi\u00fap ng\u01b0\u1eddi l\u00e1i ki\u1ec3m so\u00e1t xe an to\u00e0n h\u01a1n tr\u00ean \u0111a d\u1ea1ng c\u00e1c \u0111i\u1ec1u ki\u1ec7n m\u1eb7t \u0111\u01b0\u1eddng. S\u1eed d\u1ee5ng \u0111\u1ed9ng c\u01a1 \u0111\u1ecbnh m\u1ee9c c\u00f4ng su\u1ea5t 1800W, xe c\u00f3 th\u1ec3 \u0111\u1ea1t t\u1ed1c \u0111\u1ed9 t\u1ed1i \u0111a 80km\/h, mang l\u1ea1i kh\u1ea3 n\u0103ng t\u0103ng t\u1ed1c m\u01b0\u1ee3t m\u00e0 v\u00e0 hi\u1ec7u su\u1ea5t s\u1eed d\u1ee5ng n\u0103ng l\u01b0\u1ee3ng t\u1ed1i \u01b0u. K\u1ebft h\u1ee3p c\u00f9ng b\u1ed9 pin Lithium linh ho\u1ea1t v\u1edbi t\u00f9y ch\u1ecdn \u0111i\u1ec7n \u00e1p 60\/72V v\u00e0 dung l\u01b0\u1ee3ng 30-50Ah, xe cho ph\u00e9p t\u00f9y ch\u1ec9nh ph\u1ea1m vi ho\u1ea1t \u0111\u1ed9ng nh\u1eb1m \u0111\u00e1p \u1ee9ng linh ho\u1ea1t c\u00e1c nhu c\u1ea7u di chuy\u1ec3n kh\u00e1c nhau c\u1ee7a ng\u01b0\u1eddi l\u00e1i. \u0110\u00e2y l\u00e0 m\u1ed9t l\u1ef1a ch\u1ecdn \u0111a n\u0103ng d\u00e0nh cho nh\u1eefng ng\u01b0\u1eddi l\u00e1i \u0111ang t\u00ecm ki\u1ebfm m\u1ed9t chi\u1ebfc xe \u0111\u00e1ng tin c\u1eady, mang l\u1ea1i s\u1ef1 c\u00e2n b\u1eb1ng tho\u1ea3i m\u00e1i gi\u1eefa hi\u1ec7u su\u1ea5t v\u1eadn h\u00e0nh v\u00e0 t\u00ednh th\u1ef1c d\u1ee5ng.     <\/p>\n","protected":false},"excerpt":{"rendered":"<p>M\u1eabu xe m\u00f4 t\u00f4 \u0111i\u1ec7n \u0111\u1ecba h\u00ecnh BODO-EM04 l\u00e0 d\u00f2ng xe t\u1ea7m trung c\u00e2n \u0111\u1ed1i, \u0111\u01b0\u1ee3c thi\u1ebft k\u1ebf chuy\u00ean bi\u1ec7t [&hellip;]<\/p>\n","protected":false},"featured_media":1540,"template":"","meta":{"site-sidebar-layout":"default","site-content-layout":"","ast-site-content-layout":"default","site-content-style":"default","site-sidebar-style":"default","ast-global-header-display":"","ast-banner-title-visibility":"","ast-main-header-display":"","ast-hfb-above-header-display":"","ast-hfb-below-header-display":"","ast-hfb-mobile-header-display":"","site-post-title":"","ast-breadcrumbs-content":"","ast-featured-img":"","footer-sml-layout":"","ast-disable-related-posts":"","theme-transparent-header-meta":"default","adv-header-id-meta":"","stick-header-meta":"","header-above-stick-meta":"","header-main-stick-meta":"","header-below-stick-meta":"","astra-migrate-meta-layouts":"default","ast-page-background-enabled":"default","ast-page-background-meta":{"desktop":{"background-color":"var(--ast-global-color-5)","background-image":"","background-repeat":"repeat","background-position":"center center","background-size":"auto","background-attachment":"scroll","background-type":"","background-media":"","overlay-type":"","overlay-color":"","overlay-opacity":"","overlay-gradient":""},"tablet":{"background-color":"","background-image":"","background-repeat":"repeat","background-position":"center center","background-size":"auto","background-attachment":"scroll","background-type":"","background-media":"","overlay-type":"","overlay-color":"","overlay-opacity":"","overlay-gradient":""},"mobile":{"background-color":"","background-image":"","background-repeat":"repeat","background-position":"center center","background-size":"auto","background-attachment":"scroll","background-type":"","background-media":"","overlay-type":"","overlay-color":"","overlay-opacity":"","overlay-gradient":""}},"ast-content-background-meta":{"desktop":{"background-color":"var(--ast-global-color-4)","background-image":"","background-repeat":"repeat","background-position":"center center","background-size":"auto","background-attachment":"scroll","background-type":"","background-media":"","overlay-type":"","overlay-color":"","overlay-opacity":"","overlay-gradient":""},"tablet":{"background-color":"var(--ast-global-color-4)","background-image":"","background-repeat":"repeat","background-position":"center center","background-size":"auto","background-attachment":"scroll","background-type":"","background-media":"","overlay-type":"","overlay-color":"","overlay-opacity":"","overlay-gradient":""},"mobile":{"background-color":"var(--ast-global-color-4)","background-image":"","background-repeat":"repeat","background-position":"center center","background-size":"auto","background-attachment":"scroll","background-type":"","background-media":"","overlay-type":"","overlay-color":"","overlay-opacity":"","overlay-gradient":""}}},"product_brand":[],"product_cat":[258],"product_tag":[],"class_list":{"0":"post-1541","1":"product","2":"type-product","3":"status-publish","4":"has-post-thumbnail","6":"product_cat-xe-mo-to-dien-dia-hinh","7":"desktop-align-left","8":"tablet-align-left","9":"mobile-align-left","11":"first","12":"instock","13":"shipping-taxable","14":"product-type-simple"},"_links":{"self":[{"href":"https:\/\/bodo-electricbicycles.com\/vi\/wp-json\/wp\/v2\/product\/1541","targetHints":{"allow":["GET"]}}],"collection":[{"href":"https:\/\/bodo-electricbicycles.com\/vi\/wp-json\/wp\/v2\/product"}],"about":[{"href":"https:\/\/bodo-electricbicycles.com\/vi\/wp-json\/wp\/v2\/types\/product"}],"wp:featuredmedia":[{"embeddable":true,"href":"https:\/\/bodo-electricbicycles.com\/vi\/wp-json\/wp\/v2\/media\/1540"}],"wp:attachment":[{"href":"https:\/\/bodo-electricbicycles.com\/vi\/wp-json\/wp\/v2\/media?parent=1541"}],"wp:term":[{"taxonomy":"product_brand","embeddable":true,"href":"https:\/\/bodo-electricbicycles.com\/vi\/wp-json\/wp\/v2\/product_brand?post=1541"},{"taxonomy":"product_cat","embeddable":true,"href":"https:\/\/bodo-electricbicycles.com\/vi\/wp-json\/wp\/v2\/product_cat?post=1541"},{"taxonomy":"product_tag","embeddable":true,"href":"https:\/\/bodo-electricbicycles.com\/vi\/wp-json\/wp\/v2\/product_tag?post=1541"}],"curies":[{"name":"wp","href":"https:\/\/api.w.org\/{rel}","templated":true}]}}