{"id":1543,"date":"2026-03-27T18:08:39","date_gmt":"2026-03-27T10:08:39","guid":{"rendered":"https:\/\/bodo-electricbicycles.com\/product\/xe-mo-to-dien-dia-hinh-bodo-em02\/"},"modified":"2026-03-27T18:08:39","modified_gmt":"2026-03-27T10:08:39","slug":"xe-mo-to-dien-dia-hinh-bodo-em02","status":"publish","type":"product","link":"https:\/\/bodo-electricbicycles.com\/vi\/product\/xe-mo-to-dien-dia-hinh-bodo-em02\/","title":{"rendered":"Xe m\u00f4 t\u00f4 \u0111i\u1ec7n \u0111\u1ecba h\u00ecnh BODO-EM02"},"content":{"rendered":"<div>M\u1eabu xe m\u00f4 t\u00f4 \u0111i\u1ec7n \u0111\u1ecba h\u00ecnh BODO-EM02 l\u00e0 d\u00f2ng xe \u0111\u1ecba h\u00ecnh c\u01a1 b\u1ea3n, c\u00f3 m\u1ee9c gi\u00e1 ph\u1ea3i ch\u0103ng, \u0111\u01b0\u1ee3c thi\u1ebft k\u1ebf d\u00e0nh cho nh\u1eefng ng\u01b0\u1eddi l\u00e1i xe ph\u1ed5 th\u00f4ng v\u00e0 ph\u1ee5c v\u1ee5 nhu c\u1ea7u \u0111i l\u1ea1i h\u00e0ng ng\u00e0y. V\u1edbi k\u00edch th\u01b0\u1edbc 1850\u00d7690\u00d71100mm, khung xe nh\u1ecf g\u1ecdn gi\u00fap ng\u01b0\u1eddi l\u00e1i d\u1ec5 d\u00e0ng \u0111i\u1ec1u khi\u1ec3n c\u0169ng nh\u01b0 thu\u1eadn ti\u1ec7n cho vi\u1ec7c \u0111\u1ed7 xe v\u00e0 c\u1ea5t gi\u1eef trong m\u00f4i tr\u01b0\u1eddng \u0111\u00f4 th\u1ecb. \u0110\u01b0\u1ee3c trang b\u1ecb l\u1ed1p tr\u01b0\u1edbc v\u00e0 sau k\u00edch th\u01b0\u1edbc 120\/70-12 c\u00f9ng h\u1ec7 th\u1ed1ng phanh \u0111\u0129a tr\u01b0\u1edbc-sau, xe mang l\u1ea1i \u0111\u1ed9 b\u00e1m \u0111\u01b0\u1eddng tin c\u1eady v\u00e0 hi\u1ec7u su\u1ea5t phanh \u1ed5n \u0111\u1ecbnh tr\u00ean c\u1ea3 \u0111\u01b0\u1eddng nh\u1ef1a l\u1eabn c\u00e1c cung \u0111\u01b0\u1eddng \u0111\u1ecba h\u00ecnh nh\u1eb9. Nh\u1edd \u0111\u1ed9ng c\u01a1 \u0111\u1ecbnh m\u1ee9c c\u00f4ng su\u1ea5t 2000W, xe c\u00f3 th\u1ec3 \u0111\u1ea1t t\u1ed1c \u0111\u1ed9 t\u1ed1i \u0111a 60km\/h, t\u1ea1o n\u00ean s\u1ef1 c\u00e2n b\u1eb1ng h\u00e0i h\u00f2a gi\u1eefa s\u1ee9c m\u1ea1nh v\u1eadn h\u00e0nh v\u00e0 hi\u1ec7u qu\u1ea3 s\u1eed d\u1ee5ng n\u0103ng l\u01b0\u1ee3ng. S\u1eed d\u1ee5ng b\u1ed9 pin axit-ch\u00ec 60\/72V 20-32Ah, xe cung c\u1ea5p m\u1ed9t gi\u1ea3i ph\u00e1p n\u0103ng l\u01b0\u1ee3ng ti\u1ebft ki\u1ec7m chi ph\u00ed v\u1edbi hi\u1ec7u su\u1ea5t \u0111\u00e1ng tin c\u1eady cho c\u00e1c h\u00e0nh tr\u00ecnh t\u1eeb ng\u1eafn \u0111\u1ebfn trung b\u00ecnh. \u0110\u00e2y l\u00e0 s\u1ef1 l\u1ef1a ch\u1ecdn l\u00fd t\u01b0\u1edfng d\u00e0nh cho nh\u1eefng ng\u01b0\u1eddi m\u1edbi b\u1eaft \u0111\u1ea7u l\u00e1i xe, \u0111ang t\u00ecm ki\u1ebfm m\u1ed9t m\u1eabu xe \u0111i\u1ec7n \u0111\u1ecba h\u00ecnh c\u00f3 m\u1ee9c gi\u00e1 ph\u1ea3i ch\u0103ng v\u00e0 t\u00ednh \u1ee9ng d\u1ee5ng cao.     <\/div>\n<div><\/div>\n","protected":false},"excerpt":{"rendered":"<p>M\u1eabu xe m\u00f4 t\u00f4 \u0111i\u1ec7n \u0111\u1ecba h\u00ecnh BODO-EM02 l\u00e0 d\u00f2ng xe \u0111\u1ecba h\u00ecnh c\u01a1 b\u1ea3n, c\u00f3 m\u1ee9c gi\u00e1 ph\u1ea3i ch\u0103ng, [&hellip;]<\/p>\n","protected":false},"featured_media":1542,"template":"","meta":{"site-sidebar-layout":"default","site-content-layout":"","ast-site-content-layout":"default","site-content-style":"default","site-sidebar-style":"default","ast-global-header-display":"","ast-banner-title-visibility":"","ast-main-header-display":"","ast-hfb-above-header-display":"","ast-hfb-below-header-display":"","ast-hfb-mobile-header-display":"","site-post-title":"","ast-breadcrumbs-content":"","ast-featured-img":"","footer-sml-layout":"","ast-disable-related-posts":"","theme-transparent-header-meta":"default","adv-header-id-meta":"","stick-header-meta":"","header-above-stick-meta":"","header-main-stick-meta":"","header-below-stick-meta":"","astra-migrate-meta-layouts":"default","ast-page-background-enabled":"default","ast-page-background-meta":{"desktop":{"background-color":"var(--ast-global-color-5)","background-image":"","background-repeat":"repeat","background-position":"center center","background-size":"auto","background-attachment":"scroll","background-type":"","background-media":"","overlay-type":"","overlay-color":"","overlay-opacity":"","overlay-gradient":""},"tablet":{"background-color":"","background-image":"","background-repeat":"repeat","background-position":"center center","background-size":"auto","background-attachment":"scroll","background-type":"","background-media":"","overlay-type":"","overlay-color":"","overlay-opacity":"","overlay-gradient":""},"mobile":{"background-color":"","background-image":"","background-repeat":"repeat","background-position":"center center","background-size":"auto","background-attachment":"scroll","background-type":"","background-media":"","overlay-type":"","overlay-color":"","overlay-opacity":"","overlay-gradient":""}},"ast-content-background-meta":{"desktop":{"background-color":"var(--ast-global-color-4)","background-image":"","background-repeat":"repeat","background-position":"center center","background-size":"auto","background-attachment":"scroll","background-type":"","background-media":"","overlay-type":"","overlay-color":"","overlay-opacity":"","overlay-gradient":""},"tablet":{"background-color":"var(--ast-global-color-4)","background-image":"","background-repeat":"repeat","background-position":"center center","background-size":"auto","background-attachment":"scroll","background-type":"","background-media":"","overlay-type":"","overlay-color":"","overlay-opacity":"","overlay-gradient":""},"mobile":{"background-color":"var(--ast-global-color-4)","background-image":"","background-repeat":"repeat","background-position":"center center","background-size":"auto","background-attachment":"scroll","background-type":"","background-media":"","overlay-type":"","overlay-color":"","overlay-opacity":"","overlay-gradient":""}}},"product_brand":[],"product_cat":[258],"product_tag":[],"class_list":{"0":"post-1543","1":"product","2":"type-product","3":"status-publish","4":"has-post-thumbnail","6":"product_cat-xe-mo-to-dien-dia-hinh","7":"desktop-align-left","8":"tablet-align-left","9":"mobile-align-left","11":"first","12":"instock","13":"shipping-taxable","14":"product-type-simple"},"_links":{"self":[{"href":"https:\/\/bodo-electricbicycles.com\/vi\/wp-json\/wp\/v2\/product\/1543","targetHints":{"allow":["GET"]}}],"collection":[{"href":"https:\/\/bodo-electricbicycles.com\/vi\/wp-json\/wp\/v2\/product"}],"about":[{"href":"https:\/\/bodo-electricbicycles.com\/vi\/wp-json\/wp\/v2\/types\/product"}],"wp:featuredmedia":[{"embeddable":true,"href":"https:\/\/bodo-electricbicycles.com\/vi\/wp-json\/wp\/v2\/media\/1542"}],"wp:attachment":[{"href":"https:\/\/bodo-electricbicycles.com\/vi\/wp-json\/wp\/v2\/media?parent=1543"}],"wp:term":[{"taxonomy":"product_brand","embeddable":true,"href":"https:\/\/bodo-electricbicycles.com\/vi\/wp-json\/wp\/v2\/product_brand?post=1543"},{"taxonomy":"product_cat","embeddable":true,"href":"https:\/\/bodo-electricbicycles.com\/vi\/wp-json\/wp\/v2\/product_cat?post=1543"},{"taxonomy":"product_tag","embeddable":true,"href":"https:\/\/bodo-electricbicycles.com\/vi\/wp-json\/wp\/v2\/product_tag?post=1543"}],"curies":[{"name":"wp","href":"https:\/\/api.w.org\/{rel}","templated":true}]}}