{"id":1545,"date":"2026-03-27T17:54:35","date_gmt":"2026-03-27T09:54:35","guid":{"rendered":"https:\/\/bodo-electricbicycles.com\/product\/xe-mo-to-dien-dia-hinh-bodo-zm06\/"},"modified":"2026-03-27T17:54:35","modified_gmt":"2026-03-27T09:54:35","slug":"xe-mo-to-dien-dia-hinh-bodo-zm06","status":"publish","type":"product","link":"https:\/\/bodo-electricbicycles.com\/vi\/product\/xe-mo-to-dien-dia-hinh-bodo-zm06\/","title":{"rendered":"Xe m\u00f4 t\u00f4 \u0111i\u1ec7n \u0111\u1ecba h\u00ecnh BODO-ZM06"},"content":{"rendered":"<p>M\u1eabu m\u00f4 t\u00f4 \u0111i\u1ec7n \u0111\u1ecba h\u00ecnh BODO-ZM06 l\u00e0 d\u00f2ng s\u1ea3n ph\u1ea9m ch\u1ee7 l\u1ef1c, hi\u1ec7u su\u1ea5t cao, \u0111\u01b0\u1ee3c thi\u1ebft k\u1ebf chuy\u00ean bi\u1ec7t cho nh\u1eefng chuy\u1ebfn phi\u00eau l\u01b0u \u0111\u1ecba h\u00ecnh kh\u1eafc nghi\u1ec7t v\u00e0 tr\u1ea3i nghi\u1ec7m l\u00e1i t\u1ed1c \u0111\u1ed9 cao. V\u1edbi k\u00edch th\u01b0\u1edbc 2070\u00d7760\u00d71300mm, khung xe c\u1ee1 l\u1edbn v\u00e0 v\u00f4 c\u00f9ng ch\u1eafc ch\u1eafn c\u1ee7a BODO-ZM06 mang l\u1ea1i \u0111\u1ed9 \u1ed5n \u0111\u1ecbnh v\u01b0\u1ee3t tr\u1ed9i c\u00f9ng kh\u1ea3 n\u0103ng ch\u1ecbu t\u1ea3i \u1ea5n t\u01b0\u1ee3ng tr\u00ean m\u1ecdi d\u1ea1ng \u0111\u1ecba h\u00ecnh hi\u1ec3m tr\u1edf. Xe \u0111\u01b0\u1ee3c trang b\u1ecb l\u1ed1p tr\u01b0\u1edbc k\u00edch th\u01b0\u1edbc 110\/80-14 v\u00e0 l\u1ed1p sau 130\/70-13, k\u1ebft h\u1ee3p c\u00f9ng h\u1ec7 th\u1ed1ng phanh \u0111\u0129a tr\u01b0\u1edbc\/sau t\u00edch h\u1ee3p ABS; nh\u1edd \u0111\u00f3, xe s\u1edf h\u1eefu \u0111\u1ed9 b\u00e1m \u0111\u01b0\u1eddng t\u1ed1i \u01b0u c\u0169ng nh\u01b0 l\u1ef1c phanh ch\u00ednh x\u00e1c v\u00e0 an to\u00e0n tuy\u1ec7t \u0111\u1ed1i ngay c\u1ea3 khi v\u1eadn h\u00e0nh \u1edf t\u1ed1c \u0111\u1ed9 cao. \u0110\u01b0\u1ee3c v\u1eadn h\u00e0nh b\u1edfi kh\u1ed1i \u0111\u1ed9ng c\u01a1 \u0111\u1ecbnh m\u1ee9c c\u00f4ng su\u1ea5t 8000W, xe c\u00f3 kh\u1ea3 n\u0103ng \u0111\u1ea1t t\u1ed1c \u0111\u1ed9 t\u1ed1i \u0111a l\u00ean t\u1edbi 115 km\/h, mang l\u1ea1i kh\u1ea3 n\u0103ng t\u0103ng t\u1ed1c b\u00f9ng n\u1ed5 v\u00e0 duy tr\u00ec ngu\u1ed3n s\u1ee9c m\u1ea1nh b\u1ec1n b\u1ec9. Ngu\u1ed3n n\u0103ng l\u01b0\u1ee3ng c\u1ee7a xe \u0111\u01b0\u1ee3c cung c\u1ea5p b\u1edfi h\u1ec7 th\u1ed1ng pin lithium k\u00e9p 72V 45Ah, cho ph\u00e9p m\u1edf r\u1ed9ng ph\u1ea1m vi ho\u1ea1t \u0111\u1ed9ng, \u0111\u00e1p \u1ee9ng ho\u00e0n h\u1ea3o cho nh\u1eefng chuy\u1ebfn th\u00e1m hi\u1ec3m \u0111\u1ecba h\u00ecnh \u0111\u01b0\u1eddng d\u00e0i. BODO-ZM06 x\u1ee9ng \u0111\u00e1ng l\u00e0 l\u1ef1a ch\u1ecdn h\u00e0ng \u0111\u1ea7u d\u00e0nh cho nh\u1eefng tay l\u00e1i \u0111\u1ecba h\u00ecnh chuy\u00ean nghi\u1ec7p v\u00e0 nh\u1eefng t\u00edn \u0111\u1ed3 \u0111am m\u00ea kh\u00e1m ph\u00e1, phi\u00eau l\u01b0u m\u1ea1o hi\u1ec3m.     <\/p>\n","protected":false},"excerpt":{"rendered":"<p>M\u1eabu m\u00f4 t\u00f4 \u0111i\u1ec7n \u0111\u1ecba h\u00ecnh BODO-ZM06 l\u00e0 d\u00f2ng s\u1ea3n ph\u1ea9m ch\u1ee7 l\u1ef1c, hi\u1ec7u su\u1ea5t cao, \u0111\u01b0\u1ee3c thi\u1ebft k\u1ebf chuy\u00ean [&hellip;]<\/p>\n","protected":false},"featured_media":1544,"template":"","meta":{"site-sidebar-layout":"default","site-content-layout":"","ast-site-content-layout":"default","site-content-style":"default","site-sidebar-style":"default","ast-global-header-display":"","ast-banner-title-visibility":"","ast-main-header-display":"","ast-hfb-above-header-display":"","ast-hfb-below-header-display":"","ast-hfb-mobile-header-display":"","site-post-title":"","ast-breadcrumbs-content":"","ast-featured-img":"","footer-sml-layout":"","ast-disable-related-posts":"","theme-transparent-header-meta":"default","adv-header-id-meta":"","stick-header-meta":"","header-above-stick-meta":"","header-main-stick-meta":"","header-below-stick-meta":"","astra-migrate-meta-layouts":"default","ast-page-background-enabled":"default","ast-page-background-meta":{"desktop":{"background-color":"var(--ast-global-color-5)","background-image":"","background-repeat":"repeat","background-position":"center center","background-size":"auto","background-attachment":"scroll","background-type":"","background-media":"","overlay-type":"","overlay-color":"","overlay-opacity":"","overlay-gradient":""},"tablet":{"background-color":"","background-image":"","background-repeat":"repeat","background-position":"center center","background-size":"auto","background-attachment":"scroll","background-type":"","background-media":"","overlay-type":"","overlay-color":"","overlay-opacity":"","overlay-gradient":""},"mobile":{"background-color":"","background-image":"","background-repeat":"repeat","background-position":"center center","background-size":"auto","background-attachment":"scroll","background-type":"","background-media":"","overlay-type":"","overlay-color":"","overlay-opacity":"","overlay-gradient":""}},"ast-content-background-meta":{"desktop":{"background-color":"var(--ast-global-color-4)","background-image":"","background-repeat":"repeat","background-position":"center center","background-size":"auto","background-attachment":"scroll","background-type":"","background-media":"","overlay-type":"","overlay-color":"","overlay-opacity":"","overlay-gradient":""},"tablet":{"background-color":"var(--ast-global-color-4)","background-image":"","background-repeat":"repeat","background-position":"center center","background-size":"auto","background-attachment":"scroll","background-type":"","background-media":"","overlay-type":"","overlay-color":"","overlay-opacity":"","overlay-gradient":""},"mobile":{"background-color":"var(--ast-global-color-4)","background-image":"","background-repeat":"repeat","background-position":"center center","background-size":"auto","background-attachment":"scroll","background-type":"","background-media":"","overlay-type":"","overlay-color":"","overlay-opacity":"","overlay-gradient":""}}},"product_brand":[],"product_cat":[258],"product_tag":[],"class_list":{"0":"post-1545","1":"product","2":"type-product","3":"status-publish","4":"has-post-thumbnail","6":"product_cat-xe-mo-to-dien-dia-hinh","7":"desktop-align-left","8":"tablet-align-left","9":"mobile-align-left","11":"first","12":"instock","13":"shipping-taxable","14":"product-type-simple"},"_links":{"self":[{"href":"https:\/\/bodo-electricbicycles.com\/vi\/wp-json\/wp\/v2\/product\/1545","targetHints":{"allow":["GET"]}}],"collection":[{"href":"https:\/\/bodo-electricbicycles.com\/vi\/wp-json\/wp\/v2\/product"}],"about":[{"href":"https:\/\/bodo-electricbicycles.com\/vi\/wp-json\/wp\/v2\/types\/product"}],"wp:featuredmedia":[{"embeddable":true,"href":"https:\/\/bodo-electricbicycles.com\/vi\/wp-json\/wp\/v2\/media\/1544"}],"wp:attachment":[{"href":"https:\/\/bodo-electricbicycles.com\/vi\/wp-json\/wp\/v2\/media?parent=1545"}],"wp:term":[{"taxonomy":"product_brand","embeddable":true,"href":"https:\/\/bodo-electricbicycles.com\/vi\/wp-json\/wp\/v2\/product_brand?post=1545"},{"taxonomy":"product_cat","embeddable":true,"href":"https:\/\/bodo-electricbicycles.com\/vi\/wp-json\/wp\/v2\/product_cat?post=1545"},{"taxonomy":"product_tag","embeddable":true,"href":"https:\/\/bodo-electricbicycles.com\/vi\/wp-json\/wp\/v2\/product_tag?post=1545"}],"curies":[{"name":"wp","href":"https:\/\/api.w.org\/{rel}","templated":true}]}}