{"id":1547,"date":"2026-03-27T17:34:20","date_gmt":"2026-03-27T09:34:20","guid":{"rendered":"https:\/\/bodo-electricbicycles.com\/product\/xe-mo-to-dien-dia-hinh-bodo-zm05\/"},"modified":"2026-03-27T17:34:20","modified_gmt":"2026-03-27T09:34:20","slug":"xe-mo-to-dien-dia-hinh-bodo-zm05","status":"publish","type":"product","link":"https:\/\/bodo-electricbicycles.com\/vi\/product\/xe-mo-to-dien-dia-hinh-bodo-zm05\/","title":{"rendered":"Xe m\u00f4 t\u00f4 \u0111i\u1ec7n \u0111\u1ecba h\u00ecnh BODO-ZM05"},"content":{"rendered":"<p>M\u1eabu xe m\u00f4 t\u00f4 \u0111i\u1ec7n \u0111\u1ecba h\u00ecnh BODO-ZM05 l\u00e0 m\u1ed9t d\u00f2ng xe nh\u1ecf g\u1ecdn, c\u00e2n \u0111\u1ed1i, \u0111\u01b0\u1ee3c thi\u1ebft k\u1ebf chuy\u00ean bi\u1ec7t nh\u1eb1m \u0111\u00e1p \u1ee9ng c\u1ea3 nhu c\u1ea7u di chuy\u1ec3n trong \u0111\u00f4 th\u1ecb l\u1eabn nh\u1eefng chuy\u1ebfn kh\u00e1m ph\u00e1 \u0111\u1ecba h\u00ecnh nh\u1eb9. V\u1edbi k\u00edch th\u01b0\u1edbc 1850\u00d7690\u00d71100mm, khung xe \u0111\u01b0\u1ee3c t\u1ed1i \u01b0u h\u00f3a gi\u00fap mang l\u1ea1i kh\u1ea3 n\u0103ng v\u1eadn h\u00e0nh linh ho\u1ea1t v\u00e0 d\u1ec5 d\u00e0ng xoay tr\u1edf ngay c\u1ea3 trong nh\u1eefng kh\u00f4ng gian ch\u1eadt h\u1eb9p. \u0110\u01b0\u1ee3c trang b\u1ecb l\u1ed1p tr\u01b0\u1edbc v\u00e0 sau k\u00edch th\u01b0\u1edbc 120\/70-12 c\u00f9ng h\u1ec7 th\u1ed1ng phanh \u0111\u0129a cho c\u1ea3 hai b\u00e1nh, xe \u0111\u1ea3m b\u1ea3o \u0111\u1ed9 b\u00e1m \u0111\u01b0\u1eddng tin c\u1eady v\u00e0 hi\u1ec7u su\u1ea5t phanh an to\u00e0n tr\u00ean m\u1ecdi lo\u1ea1i \u0111\u1ecba h\u00ecnh, t\u1eeb \u0111\u01b0\u1eddng nh\u1ef1a b\u1eb1ng ph\u1eb3ng \u0111\u1ebfn \u0111\u01b0\u1eddng \u0111\u1ea5t g\u1ed3 gh\u1ec1. S\u1eed d\u1ee5ng \u0111\u1ed9ng c\u01a1 \u0111\u1ecbnh m\u1ee9c c\u00f4ng su\u1ea5t 2000W, xe c\u00f3 th\u1ec3 \u0111\u1ea1t t\u1ed1c \u0111\u1ed9 t\u1ed1i \u0111a 60km\/h, t\u1ea1o n\u00ean s\u1ef1 c\u00e2n b\u1eb1ng l\u00fd t\u01b0\u1edfng gi\u1eefa s\u1ee9c m\u1ea1nh v\u1eadn h\u00e0nh v\u00e0 hi\u1ec7u qu\u1ea3 s\u1eed d\u1ee5ng n\u0103ng l\u01b0\u1ee3ng. Khi k\u1ebft h\u1ee3p c\u00f9ng b\u1ed9 pin Lithium 60\/72V 40Ah, xe mang l\u1ea1i ph\u1ea1m vi ho\u1ea1t \u0111\u1ed9ng \u1ed5n \u0111\u1ecbnh, \u0111\u00e1p \u1ee9ng t\u1ed1t nhu c\u1ea7u di chuy\u1ec3n h\u00e0ng ng\u00e0y c\u0169ng nh\u01b0 nh\u1eefng chuy\u1ebfn \u0111i \u0111\u1ecba h\u00ecnh v\u00e0o d\u1ecbp cu\u1ed1i tu\u1ea7n. BODO-ZM05 th\u1ef1c s\u1ef1 l\u00e0 m\u1ed9t l\u1ef1a ch\u1ecdn thi\u1ebft th\u1ef1c v\u00e0 \u0111a n\u0103ng d\u00e0nh cho nh\u1eefng ng\u01b0\u1eddi l\u00e1i \u0111ang t\u00ecm ki\u1ebfm m\u1ed9t ng\u01b0\u1eddi b\u1ea1n \u0111\u1ed3ng h\u00e0nh \u0111\u00e1ng tin c\u1eady v\u00e0 th\u00e2n thi\u1ec7n v\u1edbi m\u00f4i tr\u01b0\u1eddng tr\u00ean m\u1ecdi n\u1ebbo \u0111\u01b0\u1eddng.     <\/p>\n","protected":false},"excerpt":{"rendered":"<p>M\u1eabu xe m\u00f4 t\u00f4 \u0111i\u1ec7n \u0111\u1ecba h\u00ecnh BODO-ZM05 l\u00e0 m\u1ed9t d\u00f2ng xe nh\u1ecf g\u1ecdn, c\u00e2n \u0111\u1ed1i, \u0111\u01b0\u1ee3c thi\u1ebft k\u1ebf chuy\u00ean [&hellip;]<\/p>\n","protected":false},"featured_media":1546,"template":"","meta":{"site-sidebar-layout":"default","site-content-layout":"","ast-site-content-layout":"default","site-content-style":"default","site-sidebar-style":"default","ast-global-header-display":"","ast-banner-title-visibility":"","ast-main-header-display":"","ast-hfb-above-header-display":"","ast-hfb-below-header-display":"","ast-hfb-mobile-header-display":"","site-post-title":"","ast-breadcrumbs-content":"","ast-featured-img":"","footer-sml-layout":"","ast-disable-related-posts":"","theme-transparent-header-meta":"default","adv-header-id-meta":"","stick-header-meta":"","header-above-stick-meta":"","header-main-stick-meta":"","header-below-stick-meta":"","astra-migrate-meta-layouts":"default","ast-page-background-enabled":"default","ast-page-background-meta":{"desktop":{"background-color":"var(--ast-global-color-5)","background-image":"","background-repeat":"repeat","background-position":"center center","background-size":"auto","background-attachment":"scroll","background-type":"","background-media":"","overlay-type":"","overlay-color":"","overlay-opacity":"","overlay-gradient":""},"tablet":{"background-color":"","background-image":"","background-repeat":"repeat","background-position":"center center","background-size":"auto","background-attachment":"scroll","background-type":"","background-media":"","overlay-type":"","overlay-color":"","overlay-opacity":"","overlay-gradient":""},"mobile":{"background-color":"","background-image":"","background-repeat":"repeat","background-position":"center center","background-size":"auto","background-attachment":"scroll","background-type":"","background-media":"","overlay-type":"","overlay-color":"","overlay-opacity":"","overlay-gradient":""}},"ast-content-background-meta":{"desktop":{"background-color":"var(--ast-global-color-4)","background-image":"","background-repeat":"repeat","background-position":"center center","background-size":"auto","background-attachment":"scroll","background-type":"","background-media":"","overlay-type":"","overlay-color":"","overlay-opacity":"","overlay-gradient":""},"tablet":{"background-color":"var(--ast-global-color-4)","background-image":"","background-repeat":"repeat","background-position":"center center","background-size":"auto","background-attachment":"scroll","background-type":"","background-media":"","overlay-type":"","overlay-color":"","overlay-opacity":"","overlay-gradient":""},"mobile":{"background-color":"var(--ast-global-color-4)","background-image":"","background-repeat":"repeat","background-position":"center center","background-size":"auto","background-attachment":"scroll","background-type":"","background-media":"","overlay-type":"","overlay-color":"","overlay-opacity":"","overlay-gradient":""}}},"product_brand":[],"product_cat":[258],"product_tag":[],"class_list":{"0":"post-1547","1":"product","2":"type-product","3":"status-publish","4":"has-post-thumbnail","6":"product_cat-xe-mo-to-dien-dia-hinh","7":"desktop-align-left","8":"tablet-align-left","9":"mobile-align-left","11":"first","12":"instock","13":"shipping-taxable","14":"product-type-simple"},"_links":{"self":[{"href":"https:\/\/bodo-electricbicycles.com\/vi\/wp-json\/wp\/v2\/product\/1547","targetHints":{"allow":["GET"]}}],"collection":[{"href":"https:\/\/bodo-electricbicycles.com\/vi\/wp-json\/wp\/v2\/product"}],"about":[{"href":"https:\/\/bodo-electricbicycles.com\/vi\/wp-json\/wp\/v2\/types\/product"}],"wp:featuredmedia":[{"embeddable":true,"href":"https:\/\/bodo-electricbicycles.com\/vi\/wp-json\/wp\/v2\/media\/1546"}],"wp:attachment":[{"href":"https:\/\/bodo-electricbicycles.com\/vi\/wp-json\/wp\/v2\/media?parent=1547"}],"wp:term":[{"taxonomy":"product_brand","embeddable":true,"href":"https:\/\/bodo-electricbicycles.com\/vi\/wp-json\/wp\/v2\/product_brand?post=1547"},{"taxonomy":"product_cat","embeddable":true,"href":"https:\/\/bodo-electricbicycles.com\/vi\/wp-json\/wp\/v2\/product_cat?post=1547"},{"taxonomy":"product_tag","embeddable":true,"href":"https:\/\/bodo-electricbicycles.com\/vi\/wp-json\/wp\/v2\/product_tag?post=1547"}],"curies":[{"name":"wp","href":"https:\/\/api.w.org\/{rel}","templated":true}]}}