{"id":1549,"date":"2026-03-27T16:59:43","date_gmt":"2026-03-27T08:59:43","guid":{"rendered":"https:\/\/bodo-electricbicycles.com\/product\/xe-mo-to-dien-dia-hinh-bodo-zm04\/"},"modified":"2026-03-27T16:59:43","modified_gmt":"2026-03-27T08:59:43","slug":"xe-mo-to-dien-dia-hinh-bodo-zm04","status":"publish","type":"product","link":"https:\/\/bodo-electricbicycles.com\/vi\/product\/xe-mo-to-dien-dia-hinh-bodo-zm04\/","title":{"rendered":"Xe m\u00f4 t\u00f4 \u0111i\u1ec7n \u0111\u1ecba h\u00ecnh BODO\u2011ZM04"},"content":{"rendered":"<p>M\u1eabu xe m\u00f4 t\u00f4 \u0111i\u1ec7n \u0111\u1ecba h\u00ecnh BODO-ZM04 l\u00e0 d\u00f2ng xe c\u00f4ng su\u1ea5t cao, s\u1eb5n s\u00e0ng cho m\u1ecdi cu\u1ed9c phi\u00eau l\u01b0u v\u00e0 \u0111\u01b0\u1ee3c thi\u1ebft k\u1ebf chuy\u00ean bi\u1ec7t \u0111\u1ec3 chinh ph\u1ee5c nh\u1eefng \u0111\u1ecba h\u00ecnh off-road \u0111\u1ea7y th\u1eed th\u00e1ch. V\u1edbi k\u00edch th\u01b0\u1edbc t\u1ed5ng th\u1ec3 2000\u00d7710\u00d71290mm, khung xe v\u1eefng ch\u1eafc c\u1ee7a BODO-ZM04 mang l\u1ea1i s\u1ef1 \u1ed5n \u0111\u1ecbnh v\u00e0 kh\u1ea3 n\u0103ng ki\u1ec3m so\u00e1t v\u01b0\u1ee3t tr\u1ed9i tr\u00ean c\u00e1c \u0111\u1ecba h\u00ecnh g\u1ed3 gh\u1ec1. \u0110\u01b0\u1ee3c trang b\u1ecb l\u1ed1p tr\u01b0\u1edbc v\u00e0 sau k\u00edch th\u01b0\u1edbc 120\/70-12 c\u00f9ng h\u1ec7 th\u1ed1ng phanh \u0111\u0129a k\u00e9p, chi\u1ebfc xe \u0111\u1ea3m b\u1ea3o \u0111\u1ed9 b\u00e1m \u0111\u01b0\u1eddng \u1ed5n \u0111\u1ecbnh v\u00e0 l\u1ef1c phanh nh\u1ea1y b\u00e9n trong m\u1ecdi \u0111i\u1ec1u ki\u1ec7n v\u1eadn h\u00e0nh \u0111a d\u1ea1ng. S\u1eed d\u1ee5ng \u0111\u1ed9ng c\u01a1 \u0111\u1ecbnh m\u1ee9c 4500W, xe c\u00f3 th\u1ec3 \u0111\u1ea1t t\u1ed1c \u0111\u1ed9 t\u1ed1i \u0111a 90km\/h, mang l\u1ea1i kh\u1ea3 n\u0103ng t\u0103ng t\u1ed1c m\u1ea1nh m\u1ebd \u0111\u1ec3 th\u1ecfa m\u00e3n ni\u1ec1m \u0111am m\u00ea chinh ph\u1ee5c \u0111\u1ecba h\u00ecnh. Xe h\u1ed7 tr\u1ee3 c\u1ea5u h\u00ecnh pin Lithium linh ho\u1ea1t 60\/72V 40Ah, cung c\u1ea5p ph\u1ea1m vi ho\u1ea1t \u0111\u1ed9ng \u0111\u00e1ng tin c\u1eady cho nh\u1eefng h\u00e0nh tr\u00ecnh kh\u00e1m ph\u00e1 k\u00e9o d\u00e0i. BODO-ZM04 n\u1ed5i b\u1eadt nh\u01b0 m\u1ed9t l\u1ef1a ch\u1ecdn cao c\u1ea5p d\u00e0nh cho nh\u1eefng t\u00edn \u0111\u1ed3 off-road chuy\u00ean nghi\u1ec7p, nh\u1eefng ng\u01b0\u1eddi \u0111ang t\u00ecm ki\u1ebfm s\u1ee9c m\u1ea1nh v\u00e0 \u0111\u1ed9 b\u1ec1n b\u1ec9 kh\u00f4ng th\u1ecfa hi\u1ec7p.     <\/p>\n","protected":false},"excerpt":{"rendered":"<p>M\u1eabu xe m\u00f4 t\u00f4 \u0111i\u1ec7n \u0111\u1ecba h\u00ecnh BODO-ZM04 l\u00e0 d\u00f2ng xe c\u00f4ng su\u1ea5t cao, s\u1eb5n s\u00e0ng cho m\u1ecdi cu\u1ed9c phi\u00eau [&hellip;]<\/p>\n","protected":false},"featured_media":1548,"template":"","meta":{"site-sidebar-layout":"default","site-content-layout":"","ast-site-content-layout":"default","site-content-style":"default","site-sidebar-style":"default","ast-global-header-display":"","ast-banner-title-visibility":"","ast-main-header-display":"","ast-hfb-above-header-display":"","ast-hfb-below-header-display":"","ast-hfb-mobile-header-display":"","site-post-title":"","ast-breadcrumbs-content":"","ast-featured-img":"","footer-sml-layout":"","ast-disable-related-posts":"","theme-transparent-header-meta":"default","adv-header-id-meta":"","stick-header-meta":"","header-above-stick-meta":"","header-main-stick-meta":"","header-below-stick-meta":"","astra-migrate-meta-layouts":"default","ast-page-background-enabled":"default","ast-page-background-meta":{"desktop":{"background-color":"var(--ast-global-color-5)","background-image":"","background-repeat":"repeat","background-position":"center center","background-size":"auto","background-attachment":"scroll","background-type":"","background-media":"","overlay-type":"","overlay-color":"","overlay-opacity":"","overlay-gradient":""},"tablet":{"background-color":"","background-image":"","background-repeat":"repeat","background-position":"center center","background-size":"auto","background-attachment":"scroll","background-type":"","background-media":"","overlay-type":"","overlay-color":"","overlay-opacity":"","overlay-gradient":""},"mobile":{"background-color":"","background-image":"","background-repeat":"repeat","background-position":"center center","background-size":"auto","background-attachment":"scroll","background-type":"","background-media":"","overlay-type":"","overlay-color":"","overlay-opacity":"","overlay-gradient":""}},"ast-content-background-meta":{"desktop":{"background-color":"var(--ast-global-color-4)","background-image":"","background-repeat":"repeat","background-position":"center center","background-size":"auto","background-attachment":"scroll","background-type":"","background-media":"","overlay-type":"","overlay-color":"","overlay-opacity":"","overlay-gradient":""},"tablet":{"background-color":"var(--ast-global-color-4)","background-image":"","background-repeat":"repeat","background-position":"center center","background-size":"auto","background-attachment":"scroll","background-type":"","background-media":"","overlay-type":"","overlay-color":"","overlay-opacity":"","overlay-gradient":""},"mobile":{"background-color":"var(--ast-global-color-4)","background-image":"","background-repeat":"repeat","background-position":"center center","background-size":"auto","background-attachment":"scroll","background-type":"","background-media":"","overlay-type":"","overlay-color":"","overlay-opacity":"","overlay-gradient":""}}},"product_brand":[],"product_cat":[258],"product_tag":[],"class_list":{"0":"post-1549","1":"product","2":"type-product","3":"status-publish","4":"has-post-thumbnail","6":"product_cat-xe-mo-to-dien-dia-hinh","7":"desktop-align-left","8":"tablet-align-left","9":"mobile-align-left","11":"first","12":"instock","13":"shipping-taxable","14":"product-type-simple"},"_links":{"self":[{"href":"https:\/\/bodo-electricbicycles.com\/vi\/wp-json\/wp\/v2\/product\/1549","targetHints":{"allow":["GET"]}}],"collection":[{"href":"https:\/\/bodo-electricbicycles.com\/vi\/wp-json\/wp\/v2\/product"}],"about":[{"href":"https:\/\/bodo-electricbicycles.com\/vi\/wp-json\/wp\/v2\/types\/product"}],"wp:featuredmedia":[{"embeddable":true,"href":"https:\/\/bodo-electricbicycles.com\/vi\/wp-json\/wp\/v2\/media\/1548"}],"wp:attachment":[{"href":"https:\/\/bodo-electricbicycles.com\/vi\/wp-json\/wp\/v2\/media?parent=1549"}],"wp:term":[{"taxonomy":"product_brand","embeddable":true,"href":"https:\/\/bodo-electricbicycles.com\/vi\/wp-json\/wp\/v2\/product_brand?post=1549"},{"taxonomy":"product_cat","embeddable":true,"href":"https:\/\/bodo-electricbicycles.com\/vi\/wp-json\/wp\/v2\/product_cat?post=1549"},{"taxonomy":"product_tag","embeddable":true,"href":"https:\/\/bodo-electricbicycles.com\/vi\/wp-json\/wp\/v2\/product_tag?post=1549"}],"curies":[{"name":"wp","href":"https:\/\/api.w.org\/{rel}","templated":true}]}}