{"id":1553,"date":"2026-03-27T16:35:26","date_gmt":"2026-03-27T08:35:26","guid":{"rendered":"https:\/\/bodo-electricbicycles.com\/product\/xe-mo-to-dien-dia-hinh-bodo-zm01\/"},"modified":"2026-03-27T16:35:26","modified_gmt":"2026-03-27T08:35:26","slug":"xe-mo-to-dien-dia-hinh-bodo-zm01","status":"publish","type":"product","link":"https:\/\/bodo-electricbicycles.com\/vi\/product\/xe-mo-to-dien-dia-hinh-bodo-zm01\/","title":{"rendered":"Xe m\u00f4 t\u00f4 \u0111i\u1ec7n \u0111\u1ecba h\u00ecnh BODO-ZM01"},"content":{"rendered":"<p>M\u1eabu xe m\u00f4 t\u00f4 \u0111i\u1ec7n \u0111\u1ecba h\u00ecnh BODO-ZM01 l\u00e0 d\u00f2ng xe \u0111i\u1ec7n off-road hi\u1ec7u su\u1ea5t cao, \u0111\u01b0\u1ee3c thi\u1ebft k\u1ebf chuy\u00ean bi\u1ec7t \u0111\u1ec3 chinh ph\u1ee5c nh\u1eefng \u0111\u1ecba h\u00ecnh hi\u1ec3m tr\u1edf v\u00e0 mang l\u1ea1i tr\u1ea3i nghi\u1ec7m l\u00e1i \u0111\u1ea7y ph\u1ea5n kh\u00edch. V\u1edbi k\u00edch th\u01b0\u1edbc 1945\u00d7830\u00d71170mm, chi\u1ebfc xe s\u1edf h\u1eefu khung s\u01b0\u1eddn nh\u1ecf g\u1ecdn nh\u01b0ng v\u00f4 c\u00f9ng ch\u1eafc ch\u1eafn, k\u1ebft h\u1ee3p c\u00f9ng b\u1ed9 l\u1ed1p tr\u01b0\u1edbc v\u00e0 sau k\u00edch th\u01b0\u1edbc 120\/70-12, mang l\u1ea1i \u0111\u1ed9 b\u00e1m \u0111\u01b0\u1eddng v\u00e0 s\u1ef1 \u1ed5n \u0111\u1ecbnh v\u01b0\u1ee3t tr\u1ed9i. Xe \u0111\u01b0\u1ee3c trang b\u1ecb h\u1ec7 th\u1ed1ng phanh \u0111\u0129a tr\u01b0\u1edbc v\u00e0 sau t\u00edch h\u1ee3p c\u00f4ng ngh\u1ec7 phanh li\u00ean k\u1ebft ABS, \u0111\u1ea3m b\u1ea3o l\u1ef1c h\u00e3m tin c\u1eady v\u00e0 an to\u00e0n trong m\u1ecdi \u0111i\u1ec1u ki\u1ec7n v\u1eadn h\u00e0nh. \u0110\u01b0\u1ee3c v\u1eadn h\u00e0nh b\u1edfi kh\u1ed1i \u0111\u1ed9ng c\u01a1 \u0111\u1ecbnh m\u1ee9c c\u00f4ng su\u1ea5t 3000W, xe c\u00f3 th\u1ec3 \u0111\u1ea1t t\u1ed1c \u0111\u1ed9 t\u1ed1i \u0111a l\u00ean t\u1edbi 100km\/h; trong khi \u0111\u00f3, b\u1ed9 pin Lithium 72V 50Ah cung c\u1ea5p ngu\u1ed3n n\u0103ng l\u01b0\u1ee3ng m\u1ea1nh m\u1ebd v\u00e0 b\u1ec1n b\u1ec9, cho ph\u00e9p ng\u01b0\u1eddi l\u00e1i th\u1ecfa s\u1ee9c kh\u00e1m ph\u00e1 nh\u1eefng cung \u0111\u01b0\u1eddng \u0111\u1ecba h\u00ecnh d\u00e0i h\u01a1i. S\u1ef1 k\u1ebft h\u1ee3p ho\u00e0n h\u1ea3o gi\u1eefa s\u1ee9c m\u1ea1nh, \u0111\u1ed9 an to\u00e0n v\u00e0 \u0111\u1ed9 b\u1ec1n b\u1ec9 \u0111\u00e3 bi\u1ebfn chi\u1ebfc m\u00f4 t\u00f4 \u0111i\u1ec7n \u0111\u1ecba h\u00ecnh n\u00e0y tr\u1edf th\u00e0nh l\u1ef1a ch\u1ecdn l\u00fd t\u01b0\u1edfng d\u00e0nh cho nh\u1eefng t\u00edn \u0111\u1ed3 off-road \u0111ang t\u00ecm ki\u1ebfm m\u1ed9t ph\u01b0\u01a1ng ti\u1ec7n di chuy\u1ec3n hi\u1ec7u su\u1ea5t cao v\u00e0 th\u00e2n thi\u1ec7n v\u1edbi m\u00f4i tr\u01b0\u1eddng.    <\/p>\n","protected":false},"excerpt":{"rendered":"<p>M\u1eabu xe m\u00f4 t\u00f4 \u0111i\u1ec7n \u0111\u1ecba h\u00ecnh BODO-ZM01 l\u00e0 d\u00f2ng xe \u0111i\u1ec7n off-road hi\u1ec7u su\u1ea5t cao, \u0111\u01b0\u1ee3c thi\u1ebft k\u1ebf chuy\u00ean [&hellip;]<\/p>\n","protected":false},"featured_media":1552,"template":"","meta":{"site-sidebar-layout":"default","site-content-layout":"","ast-site-content-layout":"default","site-content-style":"default","site-sidebar-style":"default","ast-global-header-display":"","ast-banner-title-visibility":"","ast-main-header-display":"","ast-hfb-above-header-display":"","ast-hfb-below-header-display":"","ast-hfb-mobile-header-display":"","site-post-title":"","ast-breadcrumbs-content":"","ast-featured-img":"","footer-sml-layout":"","ast-disable-related-posts":"","theme-transparent-header-meta":"default","adv-header-id-meta":"","stick-header-meta":"","header-above-stick-meta":"","header-main-stick-meta":"","header-below-stick-meta":"","astra-migrate-meta-layouts":"default","ast-page-background-enabled":"default","ast-page-background-meta":{"desktop":{"background-color":"var(--ast-global-color-5)","background-image":"","background-repeat":"repeat","background-position":"center center","background-size":"auto","background-attachment":"scroll","background-type":"","background-media":"","overlay-type":"","overlay-color":"","overlay-opacity":"","overlay-gradient":""},"tablet":{"background-color":"","background-image":"","background-repeat":"repeat","background-position":"center center","background-size":"auto","background-attachment":"scroll","background-type":"","background-media":"","overlay-type":"","overlay-color":"","overlay-opacity":"","overlay-gradient":""},"mobile":{"background-color":"","background-image":"","background-repeat":"repeat","background-position":"center center","background-size":"auto","background-attachment":"scroll","background-type":"","background-media":"","overlay-type":"","overlay-color":"","overlay-opacity":"","overlay-gradient":""}},"ast-content-background-meta":{"desktop":{"background-color":"var(--ast-global-color-4)","background-image":"","background-repeat":"repeat","background-position":"center center","background-size":"auto","background-attachment":"scroll","background-type":"","background-media":"","overlay-type":"","overlay-color":"","overlay-opacity":"","overlay-gradient":""},"tablet":{"background-color":"var(--ast-global-color-4)","background-image":"","background-repeat":"repeat","background-position":"center center","background-size":"auto","background-attachment":"scroll","background-type":"","background-media":"","overlay-type":"","overlay-color":"","overlay-opacity":"","overlay-gradient":""},"mobile":{"background-color":"var(--ast-global-color-4)","background-image":"","background-repeat":"repeat","background-position":"center center","background-size":"auto","background-attachment":"scroll","background-type":"","background-media":"","overlay-type":"","overlay-color":"","overlay-opacity":"","overlay-gradient":""}}},"product_brand":[],"product_cat":[258],"product_tag":[],"class_list":{"0":"post-1553","1":"product","2":"type-product","3":"status-publish","4":"has-post-thumbnail","6":"product_cat-xe-mo-to-dien-dia-hinh","7":"desktop-align-left","8":"tablet-align-left","9":"mobile-align-left","11":"first","12":"instock","13":"shipping-taxable","14":"product-type-simple"},"_links":{"self":[{"href":"https:\/\/bodo-electricbicycles.com\/vi\/wp-json\/wp\/v2\/product\/1553","targetHints":{"allow":["GET"]}}],"collection":[{"href":"https:\/\/bodo-electricbicycles.com\/vi\/wp-json\/wp\/v2\/product"}],"about":[{"href":"https:\/\/bodo-electricbicycles.com\/vi\/wp-json\/wp\/v2\/types\/product"}],"wp:featuredmedia":[{"embeddable":true,"href":"https:\/\/bodo-electricbicycles.com\/vi\/wp-json\/wp\/v2\/media\/1552"}],"wp:attachment":[{"href":"https:\/\/bodo-electricbicycles.com\/vi\/wp-json\/wp\/v2\/media?parent=1553"}],"wp:term":[{"taxonomy":"product_brand","embeddable":true,"href":"https:\/\/bodo-electricbicycles.com\/vi\/wp-json\/wp\/v2\/product_brand?post=1553"},{"taxonomy":"product_cat","embeddable":true,"href":"https:\/\/bodo-electricbicycles.com\/vi\/wp-json\/wp\/v2\/product_cat?post=1553"},{"taxonomy":"product_tag","embeddable":true,"href":"https:\/\/bodo-electricbicycles.com\/vi\/wp-json\/wp\/v2\/product_tag?post=1553"}],"curies":[{"name":"wp","href":"https:\/\/api.w.org\/{rel}","templated":true}]}}