{"id":1566,"date":"2026-04-02T18:19:46","date_gmt":"2026-04-02T10:19:46","guid":{"rendered":"https:\/\/bodo-electricbicycles.com\/product\/xe-ba-banh-dien-bodo-sc05\/"},"modified":"2026-04-02T18:19:46","modified_gmt":"2026-04-02T10:19:46","slug":"xe-ba-banh-dien-bodo-sc05","status":"publish","type":"product","link":"https:\/\/bodo-electricbicycles.com\/vi\/product\/xe-ba-banh-dien-bodo-sc05\/","title":{"rendered":"Xe ba b\u00e1nh \u0111i\u1ec7n BODO-SC05"},"content":{"rendered":"<p>BODO-SC05 l\u00e0 m\u1eabu xe ba b\u00e1nh ch\u1ea1y \u0111i\u1ec7n d\u1ea1ng k\u00edn cao c\u1ea5p, \u0111\u01b0\u1ee3c thi\u1ebft k\u1ebf chuy\u00ean bi\u1ec7t nh\u1eb1m mang l\u1ea1i s\u1ef1 tho\u1ea3i m\u00e1i cho c\u00e1c chuy\u1ebfn \u0111i l\u1ea1i c\u00f9ng gia \u0111\u00ecnh, di chuy\u1ec3n trong \u0111\u00f4 th\u1ecb v\u00e0 c\u00e1c h\u00e0nh tr\u00ecnh ng\u1eafn. V\u1edbi k\u00edch th\u01b0\u1edbc 2130\u00d7910\u00d71690mm, chi\u1ebfc xe s\u1edf h\u1eefu khoang cabin k\u00edn ho\u00e0n to\u00e0n, b\u1ed1 tr\u00ed hai gh\u1ebf ng\u1ed3i r\u1ed9ng r\u00e3i c\u00f9ng khung g\u1ea7m ba b\u00e1nh v\u1eefng ch\u00e3i, mang l\u1ea1i kh\u1ea3 n\u0103ng che ch\u1eafn t\u1ed1i \u01b0u trong m\u1ecdi \u0111i\u1ec1u ki\u1ec7n th\u1eddi ti\u1ebft v\u00e0 tr\u1ea3i nghi\u1ec7m v\u1eadn h\u00e0nh \u00eam \u00e1i. \u0110\u01b0\u1ee3c trang b\u1ecb l\u1ed1p tr\u01b0\u1edbc v\u00e0 sau k\u00edch th\u01b0\u1edbc 3.00-8 c\u00f9ng h\u1ec7 th\u1ed1ng phanh tang tr\u1ed1ng cho c\u1ea3 b\u00e1nh tr\u01b0\u1edbc v\u00e0 sau, xe \u0111\u1ea3m b\u1ea3o \u0111\u1ed9 b\u00e1m \u0111\u01b0\u1eddng tin c\u1eady c\u0169ng nh\u01b0 l\u1ef1c h\u00e3m an to\u00e0n v\u00e0 d\u1ec5 ki\u1ec3m so\u00e1t. Xe v\u1eadn h\u00e0nh nh\u1edd \u0111\u1ed9ng c\u01a1 \u0111\u1ecbnh m\u1ee9c c\u00f4ng su\u1ea5t 650W, \u0111\u1ea1t t\u1ed1c \u0111\u1ed9 t\u1ed1i \u0111a 35km\/h, t\u1ea1o n\u00ean s\u1ef1 c\u00e2n b\u1eb1ng ho\u00e0n h\u1ea3o gi\u1eefa hi\u1ec7u su\u1ea5t v\u00e0 \u0111\u1ed9 an to\u00e0n cho nhu c\u1ea7u s\u1eed d\u1ee5ng h\u00e0ng ng\u00e0y. Xe t\u01b0\u01a1ng th\u00edch v\u1edbi c\u00e1c lo\u1ea1i \u1eafc quy axit-ch\u00ec 60V\/72V dung l\u01b0\u1ee3ng 20-32Ah, mang l\u1ea1i nhi\u1ec1u t\u00f9y ch\u1ecdn linh ho\u1ea1t v\u1ec1 qu\u00e3ng \u0111\u01b0\u1eddng di chuy\u1ec3n, \u0111\u00e1p \u1ee9ng t\u1ed1t c\u00e1c chuy\u1ebfn \u0111i ch\u01a1i c\u00f9ng gia \u0111\u00ecnh, vi\u1ec7c v\u1eb7t hay \u0111i l\u1ea1i trong th\u00e0nh ph\u1ed1. V\u1edbi k\u1ebft c\u1ea5u b\u1ec1n b\u1ec9 c\u00f9ng thi\u1ebft k\u1ebf th\u00e2n thi\u1ec7n v\u1edbi ng\u01b0\u1eddi d\u00f9ng, BODO-SC05 l\u00e0 l\u1ef1a ch\u1ecdn l\u00fd t\u01b0\u1edfng cho nhu c\u1ea7u di chuy\u1ec3n c\u1ee7a gia \u0111\u00ecnh c\u0169ng nh\u01b0 ph\u01b0\u01a1ng ti\u1ec7n \u0111i l\u1ea1i c\u00e1 nh\u00e2n.     <\/p>\n","protected":false},"excerpt":{"rendered":"<p>BODO-SC05 l\u00e0 m\u1eabu xe ba b\u00e1nh ch\u1ea1y \u0111i\u1ec7n d\u1ea1ng k\u00edn cao c\u1ea5p, \u0111\u01b0\u1ee3c thi\u1ebft k\u1ebf chuy\u00ean bi\u1ec7t nh\u1eb1m mang l\u1ea1i [&hellip;]<\/p>\n","protected":false},"featured_media":1565,"template":"","meta":{"site-sidebar-layout":"default","site-content-layout":"","ast-site-content-layout":"default","site-content-style":"default","site-sidebar-style":"default","ast-global-header-display":"","ast-banner-title-visibility":"","ast-main-header-display":"","ast-hfb-above-header-display":"","ast-hfb-below-header-display":"","ast-hfb-mobile-header-display":"","site-post-title":"","ast-breadcrumbs-content":"","ast-featured-img":"","footer-sml-layout":"","ast-disable-related-posts":"","theme-transparent-header-meta":"default","adv-header-id-meta":"","stick-header-meta":"","header-above-stick-meta":"","header-main-stick-meta":"","header-below-stick-meta":"","astra-migrate-meta-layouts":"default","ast-page-background-enabled":"default","ast-page-background-meta":{"desktop":{"background-color":"var(--ast-global-color-5)","background-image":"","background-repeat":"repeat","background-position":"center center","background-size":"auto","background-attachment":"scroll","background-type":"","background-media":"","overlay-type":"","overlay-color":"","overlay-opacity":"","overlay-gradient":""},"tablet":{"background-color":"","background-image":"","background-repeat":"repeat","background-position":"center center","background-size":"auto","background-attachment":"scroll","background-type":"","background-media":"","overlay-type":"","overlay-color":"","overlay-opacity":"","overlay-gradient":""},"mobile":{"background-color":"","background-image":"","background-repeat":"repeat","background-position":"center center","background-size":"auto","background-attachment":"scroll","background-type":"","background-media":"","overlay-type":"","overlay-color":"","overlay-opacity":"","overlay-gradient":""}},"ast-content-background-meta":{"desktop":{"background-color":"var(--ast-global-color-4)","background-image":"","background-repeat":"repeat","background-position":"center center","background-size":"auto","background-attachment":"scroll","background-type":"","background-media":"","overlay-type":"","overlay-color":"","overlay-opacity":"","overlay-gradient":""},"tablet":{"background-color":"var(--ast-global-color-4)","background-image":"","background-repeat":"repeat","background-position":"center center","background-size":"auto","background-attachment":"scroll","background-type":"","background-media":"","overlay-type":"","overlay-color":"","overlay-opacity":"","overlay-gradient":""},"mobile":{"background-color":"var(--ast-global-color-4)","background-image":"","background-repeat":"repeat","background-position":"center center","background-size":"auto","background-attachment":"scroll","background-type":"","background-media":"","overlay-type":"","overlay-color":"","overlay-opacity":"","overlay-gradient":""}}},"product_brand":[],"product_cat":[171],"product_tag":[],"class_list":{"0":"post-1566","1":"product","2":"type-product","3":"status-publish","4":"has-post-thumbnail","6":"product_cat-xe-ba-banh-dien","7":"desktop-align-left","8":"tablet-align-left","9":"mobile-align-left","11":"first","12":"instock","13":"shipping-taxable","14":"product-type-simple"},"_links":{"self":[{"href":"https:\/\/bodo-electricbicycles.com\/vi\/wp-json\/wp\/v2\/product\/1566","targetHints":{"allow":["GET"]}}],"collection":[{"href":"https:\/\/bodo-electricbicycles.com\/vi\/wp-json\/wp\/v2\/product"}],"about":[{"href":"https:\/\/bodo-electricbicycles.com\/vi\/wp-json\/wp\/v2\/types\/product"}],"wp:featuredmedia":[{"embeddable":true,"href":"https:\/\/bodo-electricbicycles.com\/vi\/wp-json\/wp\/v2\/media\/1565"}],"wp:attachment":[{"href":"https:\/\/bodo-electricbicycles.com\/vi\/wp-json\/wp\/v2\/media?parent=1566"}],"wp:term":[{"taxonomy":"product_brand","embeddable":true,"href":"https:\/\/bodo-electricbicycles.com\/vi\/wp-json\/wp\/v2\/product_brand?post=1566"},{"taxonomy":"product_cat","embeddable":true,"href":"https:\/\/bodo-electricbicycles.com\/vi\/wp-json\/wp\/v2\/product_cat?post=1566"},{"taxonomy":"product_tag","embeddable":true,"href":"https:\/\/bodo-electricbicycles.com\/vi\/wp-json\/wp\/v2\/product_tag?post=1566"}],"curies":[{"name":"wp","href":"https:\/\/api.w.org\/{rel}","templated":true}]}}