{"id":1568,"date":"2026-04-02T18:13:23","date_gmt":"2026-04-02T10:13:23","guid":{"rendered":"https:\/\/bodo-electricbicycles.com\/product\/xe-ba-banh-dien-bodo-mq02\/"},"modified":"2026-04-02T18:13:23","modified_gmt":"2026-04-02T10:13:23","slug":"xe-ba-banh-dien-bodo-mq02","status":"publish","type":"product","link":"https:\/\/bodo-electricbicycles.com\/vi\/product\/xe-ba-banh-dien-bodo-mq02\/","title":{"rendered":"Xe ba b\u00e1nh \u0111i\u1ec7n BODO-MQ02"},"content":{"rendered":"<p>BODO-MQ02 l\u00e0 m\u1eabu xe ba b\u00e1nh ch\u1ea1y \u0111i\u1ec7n nh\u1ecf g\u1ecdn v\u00e0 th\u00e2n thi\u1ec7n v\u1edbi ng\u01b0\u1eddi d\u00f9ng, \u0111\u01b0\u1ee3c thi\u1ebft k\u1ebf nh\u1eb1m mang l\u1ea1i s\u1ef1 tho\u1ea3i m\u00e1i khi di chuy\u1ec3n trong \u0111\u00f4 th\u1ecb, h\u1ed7 tr\u1ee3 \u0111i l\u1ea1i cho ng\u01b0\u1eddi cao tu\u1ed5i v\u00e0 ph\u1ee5c v\u1ee5 c\u00e1c c\u00f4ng vi\u1ec7c v\u1eb7t h\u00e0ng ng\u00e0y. V\u1edbi k\u00edch th\u01b0\u1edbc 1250\u00d7660\u00d7920mm, chi\u1ebfc xe s\u1edf h\u1eefu c\u1ea5u tr\u00fac ba b\u00e1nh v\u1eefng ch\u00e3i c\u00f9ng gh\u1ebf ng\u1ed3i r\u1ed9ng r\u00e3i, \u00eam \u00e1i, \u0111\u1ea3m b\u1ea3o mang l\u1ea1i tr\u1ea3i nghi\u1ec7m v\u1eadn h\u00e0nh \u00eam \u00e1i v\u00e0 an to\u00e0n. \u0110\u01b0\u1ee3c trang b\u1ecb l\u1ed1p tr\u01b0\u1edbc v\u00e0 sau k\u00edch th\u01b0\u1edbc 3.50-6 c\u00f9ng h\u1ec7 th\u1ed1ng phanh tang tr\u1ed1ng cho c\u1ea3 b\u00e1nh tr\u01b0\u1edbc v\u00e0 sau, xe mang l\u1ea1i \u0111\u1ed9 b\u00e1m \u0111\u01b0\u1eddng tin c\u1eady c\u0169ng nh\u01b0 kh\u1ea3 n\u0103ng d\u1eebng xe nh\u1eb9 nh\u00e0ng v\u00e0 an to\u00e0n khi di chuy\u1ec3n \u1edf t\u1ed1c \u0111\u1ed9 th\u1ea5p. S\u1eed d\u1ee5ng \u0111\u1ed9ng c\u01a1 \u0111\u1ecbnh m\u1ee9c c\u00f4ng su\u1ea5t 500W, xe c\u00f3 th\u1ec3 \u0111\u1ea1t t\u1ed1c \u0111\u1ed9 t\u1ed1i \u0111a 25km\/h, lu\u00f4n \u0111\u1eb7t s\u1ef1 an to\u00e0n v\u00e0 t\u00ednh d\u1ec5 s\u1eed d\u1ee5ng l\u00ean h\u00e0ng \u0111\u1ea7u cho m\u1ecdi \u0111\u1ed1i t\u01b0\u1ee3ng ng\u01b0\u1eddi d\u00f9ng. Xe t\u01b0\u01a1ng th\u00edch v\u1edbi \u1eafc quy axit-ch\u00ec 48V\/60V 20Ah, cung c\u1ea5p ph\u1ea1m vi ho\u1ea1t \u0111\u1ed9ng \u0111\u1ee7 cho c\u00e1c chuy\u1ebfn \u0111i h\u00e0ng ng\u00e0y, vi\u1ec7c mua s\u1eafm th\u1ef1c ph\u1ea9m hay di chuy\u1ec3n tr\u00ean nh\u1eefng qu\u00e3ng \u0111\u01b0\u1eddng ng\u1eafn. V\u1edbi thi\u1ebft k\u1ebf g\u1ecdn nh\u1eb9 v\u00e0 b\u1ec1n b\u1ec9, BODO-MQ02 l\u00e0 s\u1ef1 l\u1ef1a ch\u1ecdn l\u00fd t\u01b0\u1edfng cho nhu c\u1ea7u s\u1eed d\u1ee5ng trong gia \u0111\u00ecnh c\u0169ng nh\u01b0 ph\u01b0\u01a1ng ti\u1ec7n \u0111i l\u1ea1i c\u00e1 nh\u00e2n.     <\/p>\n","protected":false},"excerpt":{"rendered":"<p>BODO-MQ02 l\u00e0 m\u1eabu xe ba b\u00e1nh ch\u1ea1y \u0111i\u1ec7n nh\u1ecf g\u1ecdn v\u00e0 th\u00e2n thi\u1ec7n v\u1edbi ng\u01b0\u1eddi d\u00f9ng, \u0111\u01b0\u1ee3c thi\u1ebft k\u1ebf nh\u1eb1m [&hellip;]<\/p>\n","protected":false},"featured_media":1567,"template":"","meta":{"site-sidebar-layout":"default","site-content-layout":"","ast-site-content-layout":"default","site-content-style":"default","site-sidebar-style":"default","ast-global-header-display":"","ast-banner-title-visibility":"","ast-main-header-display":"","ast-hfb-above-header-display":"","ast-hfb-below-header-display":"","ast-hfb-mobile-header-display":"","site-post-title":"","ast-breadcrumbs-content":"","ast-featured-img":"","footer-sml-layout":"","ast-disable-related-posts":"","theme-transparent-header-meta":"default","adv-header-id-meta":"","stick-header-meta":"","header-above-stick-meta":"","header-main-stick-meta":"","header-below-stick-meta":"","astra-migrate-meta-layouts":"default","ast-page-background-enabled":"default","ast-page-background-meta":{"desktop":{"background-color":"var(--ast-global-color-5)","background-image":"","background-repeat":"repeat","background-position":"center center","background-size":"auto","background-attachment":"scroll","background-type":"","background-media":"","overlay-type":"","overlay-color":"","overlay-opacity":"","overlay-gradient":""},"tablet":{"background-color":"","background-image":"","background-repeat":"repeat","background-position":"center center","background-size":"auto","background-attachment":"scroll","background-type":"","background-media":"","overlay-type":"","overlay-color":"","overlay-opacity":"","overlay-gradient":""},"mobile":{"background-color":"","background-image":"","background-repeat":"repeat","background-position":"center center","background-size":"auto","background-attachment":"scroll","background-type":"","background-media":"","overlay-type":"","overlay-color":"","overlay-opacity":"","overlay-gradient":""}},"ast-content-background-meta":{"desktop":{"background-color":"var(--ast-global-color-4)","background-image":"","background-repeat":"repeat","background-position":"center center","background-size":"auto","background-attachment":"scroll","background-type":"","background-media":"","overlay-type":"","overlay-color":"","overlay-opacity":"","overlay-gradient":""},"tablet":{"background-color":"var(--ast-global-color-4)","background-image":"","background-repeat":"repeat","background-position":"center center","background-size":"auto","background-attachment":"scroll","background-type":"","background-media":"","overlay-type":"","overlay-color":"","overlay-opacity":"","overlay-gradient":""},"mobile":{"background-color":"var(--ast-global-color-4)","background-image":"","background-repeat":"repeat","background-position":"center center","background-size":"auto","background-attachment":"scroll","background-type":"","background-media":"","overlay-type":"","overlay-color":"","overlay-opacity":"","overlay-gradient":""}}},"product_brand":[],"product_cat":[171],"product_tag":[],"class_list":{"0":"post-1568","1":"product","2":"type-product","3":"status-publish","4":"has-post-thumbnail","6":"product_cat-xe-ba-banh-dien","7":"desktop-align-left","8":"tablet-align-left","9":"mobile-align-left","11":"first","12":"instock","13":"shipping-taxable","14":"product-type-simple"},"_links":{"self":[{"href":"https:\/\/bodo-electricbicycles.com\/vi\/wp-json\/wp\/v2\/product\/1568","targetHints":{"allow":["GET"]}}],"collection":[{"href":"https:\/\/bodo-electricbicycles.com\/vi\/wp-json\/wp\/v2\/product"}],"about":[{"href":"https:\/\/bodo-electricbicycles.com\/vi\/wp-json\/wp\/v2\/types\/product"}],"wp:featuredmedia":[{"embeddable":true,"href":"https:\/\/bodo-electricbicycles.com\/vi\/wp-json\/wp\/v2\/media\/1567"}],"wp:attachment":[{"href":"https:\/\/bodo-electricbicycles.com\/vi\/wp-json\/wp\/v2\/media?parent=1568"}],"wp:term":[{"taxonomy":"product_brand","embeddable":true,"href":"https:\/\/bodo-electricbicycles.com\/vi\/wp-json\/wp\/v2\/product_brand?post=1568"},{"taxonomy":"product_cat","embeddable":true,"href":"https:\/\/bodo-electricbicycles.com\/vi\/wp-json\/wp\/v2\/product_cat?post=1568"},{"taxonomy":"product_tag","embeddable":true,"href":"https:\/\/bodo-electricbicycles.com\/vi\/wp-json\/wp\/v2\/product_tag?post=1568"}],"curies":[{"name":"wp","href":"https:\/\/api.w.org\/{rel}","templated":true}]}}